{"id":63,"date":"2013-03-25T12:27:26","date_gmt":"2013-03-25T12:27:26","guid":{"rendered":"https:\/\/www.elwa.com\/?page_id=63"},"modified":"2024-03-28T13:12:55","modified_gmt":"2024-03-28T13:12:55","slug":"downloads-2","status":"publish","type":"page","link":"https:\/\/www.elwa.com\/de\/downloads-2\/","title":{"rendered":"Downloads\/Zertifikate"},"content":{"rendered":"<p><a title=\"Die Firma ELWA stellt sich vor\" href=\"https:\/\/www.elwa.com\/wp-content\/uploads\/2013\/03\/elwa_firmenbroschuere-2016-de.pdf\" target=\"_blank\" rel=\"noopener noreferrer\">ELWA Firmenbrosch\u00fcre<\/a><\/p>\n<p><a title=\"Lesen Sie mehr \u00fcber ELWA Power-to-Heat Systeme\" href=\"https:\/\/www.elwa.com\/wp-content\/uploads\/2017\/02\/ELWA-P2H-Power-to-Heat-ImageBrosch\u00fcre-dt.pdf\" target=\"_blank\" rel=\"noopener noreferrer\">ELWA P2H Power-to-Heat Anwendungsbrosch\u00fcre<\/a><\/p>\n<p><a title=\"ELWA Power-to-Heat P2H Compact\" href=\"https:\/\/www.elwa.com\/wp-content\/uploads\/2024\/03\/elwa_p2h_product_range_1_5_de.pdf\" target=\"_blank\" rel=\"noopener\">ELWA Power-to-Heat Produktlinie und Leistungsbereich<\/a><\/p>\n<p><a title=\"ELWA Power-to-Heat Case Study: GenSet optimization\" href=\"https:\/\/www.elwa.com\/wp-content\/uploads\/2017\/02\/ELWA-P2H-CaseStudy-GenSet-optimization_engl.pdf\" target=\"_blank\" rel=\"noopener\">ELWA Power-to-Heat Case Study: GenSet optimization<\/a><\/p>\n<p><a title=\"ELWA Power-to-Heat Case Study: Power-to-Liquid support by P2H\" href=\"https:\/\/www.elwa.com\/wp-content\/uploads\/2017\/02\/ELWA-P2H-CaseStudy-Power-to-Liquid-PtL-support-by-P2H_engl.pdf\" target=\"_blank\" rel=\"noopener\">ELWA Power-to-Heat Case Study: Power-to-Liquid support by P2H<\/a><\/p>\n<p><a title=\"\" href=\"https:\/\/www.elwa.com\/wp-content\/uploads\/2021\/11\/flyer-p2h-stadtwerke.pdf\" target=\"_blank\" rel=\"noopener\">ELWA Power-to-Heat f\u00fcr Stadtwerke<\/a><\/p>\n<p><a title=\"Lesen Sie mehr \u00fcber die ELWA KVEc Serie\" href=\"https:\/\/www.elwa.com\/wp-content\/uploads\/2017\/02\/ELWA_Datenblatt_KVEc_de.pdf\" target=\"_blank\" rel=\"noopener noreferrer\">ELWA Vorw\u00e4rmaggregat KVEc<\/a><\/p>\n<p><a title=\"Lesen Sie mehr \u00fcber die ELWA Serie KVE\/KVES\" href=\"https:\/\/www.elwa.com\/wp-content\/uploads\/2017\/02\/ELWA_Datenblatt_KVE-KVES_de.pdf\" target=\"_blank\" rel=\"noopener noreferrer\">ELWA Vorw\u00e4rmaggregate KVE\/KVES<\/a><\/p>\n<p><a title=\"Lesen Sie mehr \u00fcber die ELWA Serie KVD\/KVT\" href=\"https:\/\/www.elwa.com\/wp-content\/uploads\/2017\/02\/ELWA_Datenblatt_KVDT_de.pdf\" target=\"_blank\" rel=\"noopener noreferrer\">ELWA Vorw\u00e4rmaggregate KVD\/KVT<\/a><\/p>\n<p><a title=\"Lesen Sie mehr \u00fcber die ELWA 4700 Serie\" href=\"https:\/\/www.elwa.com\/wp-content\/uploads\/2017\/02\/ELWA_Datenblatt_ERH4700_de.pdf\" target=\"_blank\" rel=\"noopener noreferrer\">ELWA Durchlauferhitzer ERH 4700<\/a><\/p>\n<p><a title=\"Lesen Sie mehr \u00fcber die ELWA 4600 WR Serie\" href=\"https:\/\/www.elwa.com\/wp-content\/uploads\/2017\/02\/ELWA_Datenblatt_ERH4600_WR_de.pdf\" target=\"_blank\" rel=\"noopener noreferrer\">ELWA Durchlauferhitzer ERH 4600 WR<\/a><\/p>\n<p><a title=\"Lesen Sie mehr \u00fcber die ELWA 4600 RF Serie\" href=\"https:\/\/www.elwa.com\/wp-content\/uploads\/2017\/02\/ELWA_Datenblatt_ERH4600_RF_de.pdf\" target=\"_blank\" rel=\"noopener noreferrer\">ELWA Durchlauferhitzer ERH 4600 RF<\/a><\/p>\n<p><a title=\"\" href=\"https:\/\/www.elwa.com\/wp-content\/uploads\/2017\/05\/ELWA_Datenblatt_ERH800_WR_de.pdf\" target=\"_blank\" rel=\"noopener\">ELWA Heizeinsatz ERH 800 WR<\/a><\/p>\n<p><a title=\"Lesen Sie mehr \u00fcber die ELWA 800 RF Serie\" href=\"https:\/\/www.elwa.com\/wp-content\/uploads\/2017\/02\/ELWA_Datenblatt_ERH800_RF_de.pdf\" target=\"_blank\" rel=\"noopener noreferrer\">ELWA Einbauerhitzer ERH 800 RF<\/a><\/p>\n<p><strong>Zertifikate<\/strong><\/p>\n<p><a href=\"https:\/\/www.elwa.com\/wp-content\/uploads\/2021\/09\/zertifikat_rza2021_4010221179.pdf\">Zertifikat DIN EN ISO 9001:2015<\/a><\/p>\n<p><a href=\"https:\/\/www.elwa.com\/wp-content\/uploads\/2022\/11\/zertifikat-05-ad2000_hp0_en-13445.pdf\">Zertifikat-05-AD2000_HP0_EN-13445<\/a><\/p>\n<p><a href=\"https:\/\/www.elwa.com\/wp-content\/uploads\/2022\/11\/zertifikat-05-en-iso-3834-2.pdf\">Zertifikat EN ISO 3834-2<\/a><\/p>\n<p><a href=\"https:\/\/www.elwa.com\/wp-content\/uploads\/2022\/05\/zertifikat-05-ped-modul-a2-2022.pdf\">Zertifikat PED Modul A2<\/a><\/p>\n<p><a href=\"https:\/\/www.elwa.com\/wp-content\/uploads\/2022\/05\/zertifikat-10-abs_pressure_vessel_type_4600-2019.pdf\">Zertifikat-ABS_Pressure_Vessel_Type_4600-(2019)<\/a><\/p>\n<p><a href=\"https:\/\/www.elwa.com\/wp-content\/uploads\/2022\/05\/zertifikat-10-abs_type_4700-2018.pdf\">Zertifikat-ABS_Type_4700-(2018)<\/a><\/p>\n<p><a href=\"https:\/\/www.elwa.com\/wp-content\/uploads\/2022\/05\/zertifikat-10-css_pressure_vessel_type_4600-2017.pdf\">Zertifikat-CSS_Pressure_Vessel_Type_4600-(2017)<\/a><\/p>\n<p><a href=\"https:\/\/www.elwa.com\/wp-content\/uploads\/2022\/05\/zertifikat-10-css_type_4700-2017.pdf\">Zertifikat-CSS_Type_4700-(2017)<\/a><\/p>\n<p><a href=\"https:\/\/www.elwa.com\/wp-content\/uploads\/2022\/05\/zertifikat-10-dnv_pressure_vessel_type_4600-2018.pdf\">Zertifikat-DNV_Pressure_Vessel_Type_4600-(2018)<\/a><\/p>\n<p><a href=\"https:\/\/www.elwa.com\/wp-content\/uploads\/2022\/05\/zertifikat-10-produktzulassung_type_4600_rs-2020.pdf\">Zertifikat-Produktzulassung_Type_4600_RS-(2020)<\/a><\/p>\n","protected":false},"excerpt":{"rendered":"<p>ELWA Firmenbrosch\u00fcre ELWA P2H Power-to-Heat Anwendungsbrosch\u00fcre ELWA Power-to-Heat Produktlinie und Leistungsbereich ELWA Power-to-Heat Case Study: GenSet optimization ELWA Power-to-Heat Case Study: Power-to-Liquid support by P2H ELWA Power-to-Heat f\u00fcr Stadtwerke ELWA Vorw\u00e4rmaggregat KVEc ELWA Vorw\u00e4rmaggregate KVE\/KVES ELWA Vorw\u00e4rmaggregate KVD\/KVT ELWA Durchlauferhitzer ERH 4700 ELWA Durchlauferhitzer ERH 4600 WR ELWA Durchlauferhitzer ERH 4600 RF ELWA Heizeinsatz ERH 800 WR ELWA Einbauerhitzer ERH 800 RF Zertifikate Zertifikat DIN EN ISO 9001:2015 Zertifikat-05-AD2000_HP0_EN-13445 Zertifikat EN ISO 3834-2 Zertifikat PED Modul A2 Zertifikat-ABS_Pressure_Vessel_Type_4600-(2019) Zertifikat-ABS_Type_4700-(2018) Zertifikat-CSS_Pressure_Vessel_Type_4600-(2017) Zertifikat-CSS_Type_4700-(2017) Zertifikat-DNV_Pressure_Vessel_Type_4600-(2018) Zertifikat-Produktzulassung_Type_4600_RS-(2020)<\/p>\n","protected":false},"author":1,"featured_media":0,"parent":0,"menu_order":0,"comment_status":"closed","ping_status":"closed","template":"","meta":{"_acf_changed":false,"inline_featured_image":false,"footnotes":""},"class_list":["post-63","page","type-page","status-publish","hentry"],"acf":[],"yoast_head":"<!-- This site is optimized with the Yoast SEO plugin v23.1 - https:\/\/yoast.com\/wordpress\/plugins\/seo\/ -->\n<title>ELWA - Download Unternehmensbrosch\u00fcre und Produktdatenbl\u00e4tter u. a.<\/title>\n<meta name=\"robots\" content=\"index, follow, max-snippet:-1, max-image-preview:large, max-video-preview:-1\" \/>\n<link rel=\"canonical\" href=\"https:\/\/www.elwa.com\/de\/downloads-2\/\" \/>\n<meta property=\"og:locale\" content=\"de_DE\" \/>\n<meta property=\"og:type\" content=\"article\" \/>\n<meta property=\"og:title\" content=\"ELWA - Download Unternehmensbrosch\u00fcre und Produktdatenbl\u00e4tter u. a.\" \/>\n<meta property=\"og:description\" content=\"ELWA Firmenbrosch\u00fcre ELWA P2H Power-to-Heat Anwendungsbrosch\u00fcre ELWA Power-to-Heat Produktlinie und Leistungsbereich ELWA Power-to-Heat Case Study: GenSet optimization ELWA Power-to-Heat Case Study: Power-to-Liquid support by P2H ELWA Power-to-Heat f\u00fcr Stadtwerke ELWA Vorw\u00e4rmaggregat KVEc ELWA Vorw\u00e4rmaggregate KVE\/KVES ELWA Vorw\u00e4rmaggregate KVD\/KVT ELWA Durchlauferhitzer ERH 4700 ELWA Durchlauferhitzer ERH 4600 WR ELWA Durchlauferhitzer ERH 4600 RF ELWA Heizeinsatz ERH 800 WR ELWA Einbauerhitzer ERH 800 RF Zertifikate Zertifikat DIN EN ISO 9001:2015 Zertifikat-05-AD2000_HP0_EN-13445 Zertifikat EN ISO 3834-2 Zertifikat PED Modul A2 Zertifikat-ABS_Pressure_Vessel_Type_4600-(2019) Zertifikat-ABS_Type_4700-(2018) Zertifikat-CSS_Pressure_Vessel_Type_4600-(2017) Zertifikat-CSS_Type_4700-(2017) Zertifikat-DNV_Pressure_Vessel_Type_4600-(2018) Zertifikat-Produktzulassung_Type_4600_RS-(2020)\" \/>\n<meta property=\"og:url\" content=\"https:\/\/www.elwa.com\/de\/downloads-2\/\" \/>\n<meta property=\"og:site_name\" content=\"ELWA systems for energy\" \/>\n<meta property=\"article:modified_time\" content=\"2024-03-28T13:12:55+00:00\" \/>\n<meta name=\"twitter:card\" content=\"summary_large_image\" \/>\n<meta name=\"twitter:label1\" content=\"Gesch\u00e4tzte Lesezeit\" \/>\n\t<meta name=\"twitter:data1\" content=\"1\u00a0Minute\" \/>\n<script type=\"application\/ld+json\" class=\"yoast-schema-graph\">{\"@context\":\"https:\/\/schema.org\",\"@graph\":[{\"@type\":\"WebPage\",\"@id\":\"https:\/\/www.elwa.com\/de\/downloads-2\/\",\"url\":\"https:\/\/www.elwa.com\/de\/downloads-2\/\",\"name\":\"ELWA - Download Unternehmensbrosch\u00fcre und Produktdatenbl\u00e4tter u. a.\",\"isPartOf\":{\"@id\":\"https:\/\/www.elwa.com\/#website\"},\"datePublished\":\"2013-03-25T12:27:26+00:00\",\"dateModified\":\"2024-03-28T13:12:55+00:00\",\"breadcrumb\":{\"@id\":\"https:\/\/www.elwa.com\/de\/downloads-2\/#breadcrumb\"},\"inLanguage\":\"de\",\"potentialAction\":[{\"@type\":\"ReadAction\",\"target\":[\"https:\/\/www.elwa.com\/de\/downloads-2\/\"]}]},{\"@type\":\"BreadcrumbList\",\"@id\":\"https:\/\/www.elwa.com\/de\/downloads-2\/#breadcrumb\",\"itemListElement\":[{\"@type\":\"ListItem\",\"position\":1,\"name\":\"Home\",\"item\":\"https:\/\/www.elwa.com\/de\/elwa-systems-for-energy\/\"},{\"@type\":\"ListItem\",\"position\":2,\"name\":\"Downloads\/Zertifikate\"}]},{\"@type\":\"WebSite\",\"@id\":\"https:\/\/www.elwa.com\/#website\",\"url\":\"https:\/\/www.elwa.com\/\",\"name\":\"ELWA systems for energy\",\"description\":\"Elektr. Durchlauferhitzer &amp; Systeme\",\"publisher\":{\"@id\":\"https:\/\/www.elwa.com\/#organization\"},\"potentialAction\":[{\"@type\":\"SearchAction\",\"target\":{\"@type\":\"EntryPoint\",\"urlTemplate\":\"https:\/\/www.elwa.com\/?s={search_term_string}\"},\"query-input\":\"required name=search_term_string\"}],\"inLanguage\":\"de\"},{\"@type\":\"Organization\",\"@id\":\"https:\/\/www.elwa.com\/#organization\",\"name\":\"ELWA systems for energy\",\"url\":\"https:\/\/www.elwa.com\/\",\"logo\":{\"@type\":\"ImageObject\",\"inLanguage\":\"de\",\"@id\":\"https:\/\/www.elwa.com\/#\/schema\/logo\/image\/\",\"url\":\"https:\/\/www.elwa.com\/wp-content\/uploads\/2024\/01\/elwa-logo.jpg\",\"contentUrl\":\"https:\/\/www.elwa.com\/wp-content\/uploads\/2024\/01\/elwa-logo.jpg\",\"width\":133,\"height\":41,\"caption\":\"ELWA systems for energy\"},\"image\":{\"@id\":\"https:\/\/www.elwa.com\/#\/schema\/logo\/image\/\"}}]}<\/script>\n<!-- \/ Yoast SEO plugin. -->","yoast_head_json":{"title":"ELWA - Download Unternehmensbrosch\u00fcre und Produktdatenbl\u00e4tter u. a.","robots":{"index":"index","follow":"follow","max-snippet":"max-snippet:-1","max-image-preview":"max-image-preview:large","max-video-preview":"max-video-preview:-1"},"canonical":"https:\/\/www.elwa.com\/de\/downloads-2\/","og_locale":"de_DE","og_type":"article","og_title":"ELWA - Download Unternehmensbrosch\u00fcre und Produktdatenbl\u00e4tter u. a.","og_description":"ELWA Firmenbrosch\u00fcre ELWA P2H Power-to-Heat Anwendungsbrosch\u00fcre ELWA Power-to-Heat Produktlinie und Leistungsbereich ELWA Power-to-Heat Case Study: GenSet optimization ELWA Power-to-Heat Case Study: Power-to-Liquid support by P2H ELWA Power-to-Heat f\u00fcr Stadtwerke ELWA Vorw\u00e4rmaggregat KVEc ELWA Vorw\u00e4rmaggregate KVE\/KVES ELWA Vorw\u00e4rmaggregate KVD\/KVT ELWA Durchlauferhitzer ERH 4700 ELWA Durchlauferhitzer ERH 4600 WR ELWA Durchlauferhitzer ERH 4600 RF ELWA Heizeinsatz ERH 800 WR ELWA Einbauerhitzer ERH 800 RF Zertifikate Zertifikat DIN EN ISO 9001:2015 Zertifikat-05-AD2000_HP0_EN-13445 Zertifikat EN ISO 3834-2 Zertifikat PED Modul A2 Zertifikat-ABS_Pressure_Vessel_Type_4600-(2019) Zertifikat-ABS_Type_4700-(2018) Zertifikat-CSS_Pressure_Vessel_Type_4600-(2017) Zertifikat-CSS_Type_4700-(2017) Zertifikat-DNV_Pressure_Vessel_Type_4600-(2018) Zertifikat-Produktzulassung_Type_4600_RS-(2020)","og_url":"https:\/\/www.elwa.com\/de\/downloads-2\/","og_site_name":"ELWA systems for energy","article_modified_time":"2024-03-28T13:12:55+00:00","twitter_card":"summary_large_image","twitter_misc":{"Gesch\u00e4tzte Lesezeit":"1\u00a0Minute"},"schema":{"@context":"https:\/\/schema.org","@graph":[{"@type":"WebPage","@id":"https:\/\/www.elwa.com\/de\/downloads-2\/","url":"https:\/\/www.elwa.com\/de\/downloads-2\/","name":"ELWA - Download Unternehmensbrosch\u00fcre und Produktdatenbl\u00e4tter u. a.","isPartOf":{"@id":"https:\/\/www.elwa.com\/#website"},"datePublished":"2013-03-25T12:27:26+00:00","dateModified":"2024-03-28T13:12:55+00:00","breadcrumb":{"@id":"https:\/\/www.elwa.com\/de\/downloads-2\/#breadcrumb"},"inLanguage":"de","potentialAction":[{"@type":"ReadAction","target":["https:\/\/www.elwa.com\/de\/downloads-2\/"]}]},{"@type":"BreadcrumbList","@id":"https:\/\/www.elwa.com\/de\/downloads-2\/#breadcrumb","itemListElement":[{"@type":"ListItem","position":1,"name":"Home","item":"https:\/\/www.elwa.com\/de\/elwa-systems-for-energy\/"},{"@type":"ListItem","position":2,"name":"Downloads\/Zertifikate"}]},{"@type":"WebSite","@id":"https:\/\/www.elwa.com\/#website","url":"https:\/\/www.elwa.com\/","name":"ELWA systems for energy","description":"Elektr. Durchlauferhitzer &amp; Systeme","publisher":{"@id":"https:\/\/www.elwa.com\/#organization"},"potentialAction":[{"@type":"SearchAction","target":{"@type":"EntryPoint","urlTemplate":"https:\/\/www.elwa.com\/?s={search_term_string}"},"query-input":"required name=search_term_string"}],"inLanguage":"de"},{"@type":"Organization","@id":"https:\/\/www.elwa.com\/#organization","name":"ELWA systems for energy","url":"https:\/\/www.elwa.com\/","logo":{"@type":"ImageObject","inLanguage":"de","@id":"https:\/\/www.elwa.com\/#\/schema\/logo\/image\/","url":"https:\/\/www.elwa.com\/wp-content\/uploads\/2024\/01\/elwa-logo.jpg","contentUrl":"https:\/\/www.elwa.com\/wp-content\/uploads\/2024\/01\/elwa-logo.jpg","width":133,"height":41,"caption":"ELWA systems for energy"},"image":{"@id":"https:\/\/www.elwa.com\/#\/schema\/logo\/image\/"}}]}},"_links":{"self":[{"href":"https:\/\/www.elwa.com\/de\/wp-json\/wp\/v2\/pages\/63"}],"collection":[{"href":"https:\/\/www.elwa.com\/de\/wp-json\/wp\/v2\/pages"}],"about":[{"href":"https:\/\/www.elwa.com\/de\/wp-json\/wp\/v2\/types\/page"}],"author":[{"embeddable":true,"href":"https:\/\/www.elwa.com\/de\/wp-json\/wp\/v2\/users\/1"}],"replies":[{"embeddable":true,"href":"https:\/\/www.elwa.com\/de\/wp-json\/wp\/v2\/comments?post=63"}],"version-history":[{"count":11,"href":"https:\/\/www.elwa.com\/de\/wp-json\/wp\/v2\/pages\/63\/revisions"}],"predecessor-version":[{"id":5312,"href":"https:\/\/www.elwa.com\/de\/wp-json\/wp\/v2\/pages\/63\/revisions\/5312"}],"wp:attachment":[{"href":"https:\/\/www.elwa.com\/de\/wp-json\/wp\/v2\/media?parent=63"}],"curies":[{"name":"wp","href":"https:\/\/api.w.org\/{rel}","templated":true}]}}