{"id":5387,"date":"2024-09-18T15:37:48","date_gmt":"2024-09-18T15:37:48","guid":{"rendered":"https:\/\/www.elwa.com\/?page_id=5387"},"modified":"2024-10-25T14:08:51","modified_gmt":"2024-10-25T14:08:51","slug":"durchlauferhitzer-2","status":"publish","type":"page","link":"https:\/\/www.elwa.com\/de\/durchlauferhitzer-2\/","title":{"rendered":"Durchlauferhitzer"},"content":{"rendered":"<div class=\"wpb-content-wrapper\"><p>[vc_row][vc_column][vc_row_inner][vc_column_inner][vc_column_text]ELWA stellt hochwertige elektrische Durchlauferhitzer in einer Vielzahl von Ausf\u00fchrungen her, die eine un\u00fcbertroffene Flexibilit\u00e4t und Anpassungsf\u00e4higkeit bieten, um die Anforderungen Ihrer spezifischen Anwendung perfekt zu erf\u00fcllen. Unsere Erhitzer sind so konstruiert, dass sie in verschiedenen Branchen wie der Schifffahrt, der Industrie und dem Energiesektor zuverl\u00e4ssige und hochwertige Leistungen erbringen.[\/vc_column_text][\/vc_column_inner][\/vc_row_inner][vc_row_inner][vc_column_inner width=&#8220;1\/2&#8243;][vc_column_text css_animation=&#8220;none&#8220;]<\/p>\n<ul style=\"list-style-type: none; padding-left: 0;\">\n<li style=\"margin-bottom: 15px;\"><\/li>\n<\/ul>\n<ul style=\"list-style-type: none; padding-left: 0;\">\n<li style=\"margin-bottom: 15px;\"><strong style=\"font-size: 1.2em;\">Ma\u00dfgeschneidert f\u00fcr Prozessanforderungen<\/strong><br \/>\nAnpassbar an Temperatur, Druck, Oberfl\u00e4chenbelastung, Spannung und Medium.<\/li>\n<li style=\"margin-bottom: 15px;\"><strong style=\"font-size: 1.2em;\">German Engineering<\/strong><br \/>\nEntwickelt und hergestellt in Deutschland, um Qualit\u00e4t, Haltbarkeit und Zuverl\u00e4ssigkeit zu gew\u00e4hrleisten.<\/li>\n<li style=\"margin-bottom: 15px;\"><strong style=\"font-size: 1.2em;\">Einzigartige Flexibilit\u00e4t im Design<\/strong><br \/>\nVollst\u00e4ndig anpassbare Materialien, Beh\u00e4lter und Flanschabmessungen.<\/li>\n<li style=\"margin-bottom: 15px;\"><strong style=\"font-size: 1.2em;\">H\u00f6chste Qualit\u00e4tsstandards<\/strong><br \/>\nISO 9001 zertifiziert f\u00fcr zuverl\u00e4ssige und hochwertige Produkte.<\/li>\n<li style=\"margin-bottom: 15px;\"><strong style=\"font-size: 1.2em;\">Umweltbewusst<\/strong><br \/>\nISO 14001 zertifiziert f\u00fcr nachhaltige Herstellungspraktiken.<\/li>\n<li style=\"margin-bottom: 15px;\"><strong style=\"font-size: 1.2em;\">Klassifizierungen<\/strong><br \/>\nUnsere Produkte k\u00f6nnen je nach Bedarf von Klassifizierungsinstituten zertifiziert werden, um auch den komplexesten Anforderungen gerecht zu werden.<\/li>\n<\/ul>\n<p>[\/vc_column_text][\/vc_column_inner][vc_column_inner width=&#8220;1\/2&#8243;][vc_single_image image=&#8220;649&#8243; img_size=&#8220;full&#8220; alignment=&#8220;center&#8220; css_animation=&#8220;none&#8220;][\/vc_column_inner][\/vc_row_inner][\/vc_column][\/vc_row][vc_row][vc_column][vc_tta_tour active_section=&#8220;1&#8243;][vc_tta_section i_icon_fontawesome=&#8220;fas fa-thermometer-three-quarters&#8220; add_icon=&#8220;true&#8220; title=&#8220;Prozessparameter&#8220; tab_id=&#8220;1517588623959-9dadd294-74e2&#8243;][vc_column_text]<\/p>\n<h3>Prozessparameter<\/h3>\n<ul>\n<li><strong>Leistung:<\/strong> 3 kW &#8211; 427 kW (f\u00fcr anspruchsvolle Heizungssysteme, wie Fernw\u00e4rme und Regelleistung sind unsere <a href=\"https:\/\/www.elwa.com\/rtr-units\/pth-power-to-heat\/\">Power-to-Heat-Systeme<\/a> konzipiert)<\/li>\n<li><strong>Betriebsspannung:<\/strong> Speziell entwickelte Heizelemente erlauben einen Spannungsbereich zwischen 220 VAC und 690 VAC<\/li>\n<li><strong>Temperatur:<\/strong> Standardausf\u00fchrung f\u00fcr max. 200\u00b0C<\/li>\n<li><strong>Betriebsdruck:<\/strong> 10 bar in Standardausf\u00fchrung \/ 16 bar in Hochdruckausf\u00fchrung<\/li>\n<\/ul>\n<p>[\/vc_column_text][\/vc_tta_section][vc_tta_section i_icon_fontawesome=&#8220;fas fa-tint&#8220; add_icon=&#8220;true&#8220; title=&#8220;Medium &amp; Oberfl\u00e4chenbelastung&#8220; tab_id=&#8220;1517588623989-2cb2d93d-2838&#8243;][vc_column_text]<\/p>\n<h3>Medium &amp; Oberfl\u00e4chenbelastung<\/h3>\n<p>Unsere Heizelemente und Druckbeh\u00e4lter sind f\u00fcr anspruchsvolle Fl\u00fcssigkeiten mit kritischer Oberfl\u00e4chenbelastung ausgelegt. Sie sind kompatibel:<\/p>\n<ul>\n<li>\u00d6l (HFO, MDO, Schmie\u00f6l, Thermal-\u00d6l)<\/li>\n<li>Wasser (mit oder ohne Zus\u00e4tze)<\/li>\n<li>Emulsionen (\u00d6l &amp; Wasser)<\/li>\n<li>Seewasser und Bilge<\/li>\n<\/ul>\n<p>Durch korrosionsbest\u00e4ndige Materialien und Heizelementoberfl\u00e4chen wird die Kompatibilit\u00e4t mit diesen Fl\u00fcssigkeiten gew\u00e4hrleistet.[\/vc_column_text][\/vc_tta_section][vc_tta_section i_icon_fontawesome=&#8220;fas fa-network-wired&#8220; add_icon=&#8220;true&#8220; title=&#8220;Prozesseinbindung&#8220; tab_id=&#8220;1517588658317-0f59cf4b-9775&#8243;][vc_column_text]<\/p>\n<h3>Prozesseinbindung<\/h3>\n<p><strong>Mechanische Anbindung:<\/strong><\/p>\n<ul>\n<li>Standardausf\u00fchrengen mit Flanschen nach DIN EN 1092-1\/11B1<\/li>\n<li>Optional Triclamp oder Gewindeanschl\u00fcsse<\/li>\n<li>Sicherheitsvorrichtungen wie \u00dcberdruckventile<\/li>\n<li>Anschlusspositionen k\u00f6nnen f\u00fcr besondere Einbringungen angepasst werden<\/li>\n<\/ul>\n<p><strong>Elektrischer Anschluss &amp; MSR:<\/strong><\/p>\n<ul>\n<li>Easy integration with preconfigured control systems for straightforward commissioning<\/li>\n<li>Includes process control with sensors and safety temperature limiters<\/li>\n<\/ul>\n<p>[\/vc_column_text][\/vc_tta_section][vc_tta_section i_icon_fontawesome=&#8220;fas fa-scroll&#8220; add_icon=&#8220;true&#8220; title=&#8220;Klassifikationen&#8220; tab_id=&#8220;1517588681489-ae9b57b3-a201&#8243;][vc_column_text]<\/p>\n<h3>Klassifikationen<\/h3>\n<p>Wir verf\u00fcgen \u00fcber umfangreiche Erfahrungen in der Zusammenarbeit mit Klassifizierungsinstituten f\u00fcr Systeme auf See und an Land und stellen sicher, dass unsere Produkte die strengen Industrienormen und Zertifizierungen erf\u00fcllen.<\/p>\n<p><a href=\"https:\/\/www.elwa.com\/wp-content\/uploads\/2014\/01\/lr_logo.svg\"><img loading=\"lazy\" decoding=\"async\" class=\"alignnone size-medium wp-image-2600\" src=\"https:\/\/www.elwa.com\/wp-content\/uploads\/2014\/01\/lr_logo.svg\" alt=\"\" width=\"1\" height=\"1\" \/><\/a><\/p>\n<p><a href=\"https:\/\/www.elwa.com\/wp-content\/uploads\/2014\/01\/ABS-1.png\"><img loading=\"lazy\" decoding=\"async\" class=\"alignleft wp-image-2607\" src=\"https:\/\/www.elwa.com\/wp-content\/uploads\/2014\/01\/ABS-1.png\" alt=\"\" width=\"105\" height=\"105\" srcset=\"https:\/\/www.elwa.com\/wp-content\/uploads\/2014\/01\/ABS-1.png 200w, https:\/\/www.elwa.com\/wp-content\/uploads\/2014\/01\/ABS-1-150x150.png 150w\" sizes=\"(max-width: 105px) 100vw, 105px\" \/><\/a><a href=\"https:\/\/www.elwa.com\/wp-content\/uploads\/2014\/01\/BV.png\"><img loading=\"lazy\" decoding=\"async\" class=\"alignleft wp-image-2606\" src=\"https:\/\/www.elwa.com\/wp-content\/uploads\/2014\/01\/BV.png\" alt=\"\" width=\"105\" height=\"105\" srcset=\"https:\/\/www.elwa.com\/wp-content\/uploads\/2014\/01\/BV.png 200w, https:\/\/www.elwa.com\/wp-content\/uploads\/2014\/01\/BV-150x150.png 150w\" sizes=\"(max-width: 105px) 100vw, 105px\" \/><\/a><a href=\"https:\/\/www.elwa.com\/wp-content\/uploads\/2014\/01\/CCS2.png\"><img loading=\"lazy\" decoding=\"async\" class=\"alignleft wp-image-2612\" src=\"https:\/\/www.elwa.com\/wp-content\/uploads\/2014\/01\/CCS2.png\" alt=\"\" width=\"105\" height=\"105\" srcset=\"https:\/\/www.elwa.com\/wp-content\/uploads\/2014\/01\/CCS2.png 200w, https:\/\/www.elwa.com\/wp-content\/uploads\/2014\/01\/CCS2-150x150.png 150w\" sizes=\"(max-width: 105px) 100vw, 105px\" \/><\/a><a href=\"https:\/\/www.elwa.com\/wp-content\/uploads\/2014\/01\/DNV-GL.png\"><img loading=\"lazy\" decoding=\"async\" class=\"alignleft wp-image-2605\" src=\"https:\/\/www.elwa.com\/wp-content\/uploads\/2014\/01\/DNV-GL-150x150.png\" alt=\"\" width=\"105\" height=\"105\" srcset=\"https:\/\/www.elwa.com\/wp-content\/uploads\/2014\/01\/DNV-GL-150x150.png 150w, https:\/\/www.elwa.com\/wp-content\/uploads\/2014\/01\/DNV-GL.png 200w\" sizes=\"(max-width: 105px) 100vw, 105px\" \/><\/a> <a href=\"https:\/\/www.elwa.com\/wp-content\/uploads\/2014\/01\/LR.png\"><img loading=\"lazy\" decoding=\"async\" class=\"alignleft wp-image-2611\" src=\"https:\/\/www.elwa.com\/wp-content\/uploads\/2014\/01\/LR-150x150.png\" alt=\"\" width=\"105\" height=\"105\" srcset=\"https:\/\/www.elwa.com\/wp-content\/uploads\/2014\/01\/LR-150x150.png 150w, https:\/\/www.elwa.com\/wp-content\/uploads\/2014\/01\/LR.png 200w\" sizes=\"(max-width: 105px) 100vw, 105px\" \/><\/a> <a href=\"https:\/\/www.elwa.com\/wp-content\/uploads\/2014\/01\/RINA.png\"><img loading=\"lazy\" decoding=\"async\" class=\"alignleft wp-image-2610\" src=\"https:\/\/www.elwa.com\/wp-content\/uploads\/2014\/01\/RINA.png\" alt=\"\" width=\"105\" height=\"105\" srcset=\"https:\/\/www.elwa.com\/wp-content\/uploads\/2014\/01\/RINA.png 200w, https:\/\/www.elwa.com\/wp-content\/uploads\/2014\/01\/RINA-150x150.png 150w\" sizes=\"(max-width: 105px) 100vw, 105px\" \/><\/a><a href=\"https:\/\/www.elwa.com\/wp-content\/uploads\/2024\/09\/tuv_sud_logo.svg-1.png\"><img loading=\"lazy\" decoding=\"async\" class=\"wp-image-5407 size-full alignleft\" src=\"https:\/\/www.elwa.com\/wp-content\/uploads\/2024\/09\/tuv_sud_logo.svg-1.png\" alt=\"\" width=\"105\" height=\"105\" \/><\/a><\/p>\n<p>&nbsp;<\/p>\n<p>&nbsp;<\/p>\n<p>&nbsp;<\/p>\n<p>[\/vc_column_text][\/vc_tta_section][\/vc_tta_tour][\/vc_column][\/vc_row][vc_row][vc_column][vc_column_text]<\/p>\n<p>[\/vc_column_text][\/vc_column][\/vc_row][vc_row el_id=&#8220;0815&#8243;][vc_column css=&#8220;.vc_custom_1517833527347{background-color: #0062a2 !important;}&#8220; el_id=&#8220;0815&#8243;][vc_column_text]<\/p>\n<p>&nbsp;<\/p>\n<h2 style=\"text-align: center;\"><span style=\"color: #ffffff;\">Unser Service<\/span><\/h2>\n<p><span lang=\"de\" style=\"color: #ffffff;\">Wir produzieren nicht nur extrem zuverl\u00e4ssige Erhitzer. Wir bieten unseren Kunden eine breite Palette an unterst\u00fctzenden Service-Dienstleistungen an:<\/span>[\/vc_column_text][vc_tta_tabs][vc_tta_section title=&#8220;Beratung&#8220; tab_id=&#8220;consulting&#8220;][vc_row_inner][vc_column_inner width=&#8220;1\/2&#8243;][vc_column_text]Wir verstehen Ihre Anwendungen und beraten Sie gern um eine optimale Integration unserer Produkte in Ihren Prozess sicherzustellen. Bitte machen Sie Gebrauch von unserer technische Expertise.[\/vc_column_text][\/vc_column_inner][vc_column_inner width=&#8220;1\/2&#8243;][vc_column_text]<a href=\"https:\/\/www.elwa.com\/de\/kontakt\/\"><img loading=\"lazy\" decoding=\"async\" class=\"aligncenter wp-image-3295\" src=\"https:\/\/www.elwa.com\/wp-content\/uploads\/2018\/04\/Icons_Neu-Web2-Beratung.png\" alt=\"ELWA Icon f\u00fcr den Bereich Beratung\" width=\"100\" height=\"100\" \/><\/a>[\/vc_column_text][\/vc_column_inner][\/vc_row_inner][\/vc_tta_section][vc_tta_section title=&#8220;Inbetriebnahme&#8220; tab_id=&#8220;service&#8220;][vc_row_inner][vc_column_inner width=&#8220;1\/2&#8243;][vc_column_text]Wenn Sie vor Ort Unterst\u00fctzung ben\u00f6tigen, um Ihre Anlage so schnell wie m\u00f6glich wieder in Betrieb nehmen zu k\u00f6nnen, senden wir Ihnen geschultes Personal oder koordinieren den Support \u00fcber einen unsere zertifizierten Partner.[\/vc_column_text][\/vc_column_inner][vc_column_inner width=&#8220;1\/2&#8243;][vc_column_text]<a href=\"https:\/\/www.elwa.com\/de\/kontaktformular\/\"><img loading=\"lazy\" decoding=\"async\" class=\"aligncenter wp-image-3298\" src=\"https:\/\/www.elwa.com\/wp-content\/uploads\/2013\/03\/Icons_Neu-Web2-Service.png\" alt=\"ELWA Icon f\u00fcr den Bereich Service\" width=\"100\" height=\"100\" \/><\/a>[\/vc_column_text][\/vc_column_inner][\/vc_row_inner][\/vc_tta_section][vc_tta_section title=&#8220;Wartung&#8220; tab_id=&#8220;1523955951252-76482bcf-67fa&#8220;][vc_row_inner][vc_column_inner width=&#8220;1\/2&#8243;][vc_column_text]F\u00fcr Anlagen in der DACH Region bieten wir Wartungsvertr\u00e4ge an.[\/vc_column_text][\/vc_column_inner][vc_column_inner width=&#8220;1\/2&#8243;][vc_column_text]<a href=\"https:\/\/www.elwa.com\/de\/kontaktformular\/\"><img loading=\"lazy\" decoding=\"async\" class=\"aligncenter wp-image-3300\" src=\"https:\/\/www.elwa.com\/wp-content\/uploads\/2013\/03\/Icons_Neu-Web2-Service-contracts.png\" alt=\"ELWA Icon f\u00fcr den Bereich Wartungsvertr\u00e4ge\" width=\"100\" height=\"100\" \/><\/a>[\/vc_column_text][\/vc_column_inner][\/vc_row_inner][\/vc_tta_section][vc_tta_section title=&#8220;Ersatzteile&#8220; tab_id=&#8220;1523956065298-964fb082-b2bd&#8220;][vc_row_inner][vc_column_inner width=&#8220;1\/2&#8243;][vc_column_text]Wir haben die wichtigsten Ersatzteile immer auf Lager oder k\u00f6nnen sie kurzfristig produzieren oder beschaffen. [\/vc_column_text][\/vc_column_inner][vc_column_inner width=&#8220;1\/2&#8243;][vc_column_text]<a href=\"https:\/\/www.elwa.com\/de\/ersatzteilanfrage\/\"><img loading=\"lazy\" decoding=\"async\" class=\"aligncenter wp-image-3302\" src=\"https:\/\/www.elwa.com\/wp-content\/uploads\/2013\/03\/Icons_Neu-Web2-Service-Ersatzteile.png\" alt=\"ELWA Icon f\u00fcr den Bereich Ersatzteile\" width=\"100\" height=\"100\" \/><\/a>[\/vc_column_text][\/vc_column_inner][\/vc_row_inner][\/vc_tta_section][vc_tta_section title=&#8220;Konstruktion &amp; Produktion&#8220; tab_id=&#8220;1523956265180-81634ef6-2623&#8243;][vc_row_inner][vc_column_inner width=&#8220;1\/2&#8243;][vc_column_text]Wir produzieren effizient zu niedrigen Kosten zuverl\u00e4ssige und kundenspezifische L\u00f6sungen.[\/vc_column_text][\/vc_column_inner][vc_column_inner width=&#8220;1\/2&#8243;][vc_column_text]<a href=\"https:\/\/www.elwa.com\/de\/services\/#konstruktion\"><img loading=\"lazy\" decoding=\"async\" class=\"aligncenter wp-image-3308\" src=\"https:\/\/www.elwa.com\/wp-content\/uploads\/2013\/03\/Icons_Neu-Web2-Service-design-production-1-300x131.png\" alt=\"\" width=\"228\" height=\"100\" \/><\/a>[\/vc_column_text][\/vc_column_inner][\/vc_row_inner][\/vc_tta_section][\/vc_tta_tabs][\/vc_column][\/vc_row][vc_row][vc_column][vc_column_text]<\/p>\n<p>[\/vc_column_text][\/vc_column][\/vc_row]<\/p>\n<\/div>","protected":false},"excerpt":{"rendered":"<p>[vc_row][vc_column][vc_row_inner][vc_column_inner][vc_column_text]ELWA stellt hochwertige elektrische Durchlauferhitzer in einer Vielzahl von Ausf\u00fchrungen her, die eine un\u00fcbertroffene Flexibilit\u00e4t und Anpassungsf\u00e4higkeit bieten, um die Anforderungen Ihrer spezifischen Anwendung perfekt zu erf\u00fcllen. Unsere Erhitzer sind so konstruiert, dass sie in verschiedenen Branchen wie der Schifffahrt, der Industrie und dem Energiesektor zuverl\u00e4ssige und hochwertige Leistungen erbringen.[\/vc_column_text][\/vc_column_inner][\/vc_row_inner][vc_row_inner][vc_column_inner width=&#8220;1\/2&#8243;][vc_column_text css_animation=&#8220;none&#8220;] Ma\u00dfgeschneidert f\u00fcr Prozessanforderungen Anpassbar an Temperatur, Druck, Oberfl\u00e4chenbelastung, Spannung und Medium. German Engineering Entwickelt und hergestellt in Deutschland, um Qualit\u00e4t, Haltbarkeit und Zuverl\u00e4ssigkeit zu gew\u00e4hrleisten. Einzigartige Flexibilit\u00e4t im Design Vollst\u00e4ndig anpassbare Materialien, Beh\u00e4lter und Flanschabmessungen. H\u00f6chste Qualit\u00e4tsstandards ISO 9001 zertifiziert f\u00fcr zuverl\u00e4ssige und hochwertige Produkte. Umweltbewusst ISO 14001&#8230; <a class=\"read-more product-link\" title=\"Durchlauferhitzer\" href=\"https:\/\/www.elwa.com\/de\/durchlauferhitzer-2\/\">Mehr Informationen<\/a><\/p>\n","protected":false},"author":10,"featured_media":0,"parent":0,"menu_order":0,"comment_status":"closed","ping_status":"closed","template":"targetgroup.php","meta":{"_acf_changed":false,"inline_featured_image":false,"footnotes":""},"class_list":["post-5387","page","type-page","status-publish","hentry"],"acf":[],"yoast_head":"<!-- This site is optimized with the Yoast SEO plugin v23.1 - https:\/\/yoast.com\/wordpress\/plugins\/seo\/ -->\n<title>Elektrische Durchlauferhitzer f\u00fcr \u00d6l- und Wasser<\/title>\n<meta name=\"description\" content=\"ELWA fertigt individuell ausgelegte Elektro-Durchlauferhitzer (\u00d6l \/ Wasser) f\u00fcr Industrie und Schiffbau gem\u00e4\u00df den Anforderungen Ihrer Anwendung.\" \/>\n<meta name=\"robots\" content=\"index, follow, max-snippet:-1, max-image-preview:large, max-video-preview:-1\" \/>\n<link rel=\"canonical\" href=\"https:\/\/www.elwa.com\/de\/durchlauferhitzer-2\/\" \/>\n<meta property=\"og:locale\" content=\"de_DE\" \/>\n<meta property=\"og:type\" content=\"article\" \/>\n<meta property=\"og:title\" content=\"Elektrische Durchlauferhitzer f\u00fcr \u00d6l- und Wasser\" \/>\n<meta property=\"og:description\" content=\"ELWA fertigt individuell ausgelegte Elektro-Durchlauferhitzer (\u00d6l \/ Wasser) f\u00fcr Industrie und Schiffbau gem\u00e4\u00df den Anforderungen Ihrer Anwendung.\" \/>\n<meta property=\"og:url\" content=\"https:\/\/www.elwa.com\/de\/durchlauferhitzer-2\/\" \/>\n<meta property=\"og:site_name\" content=\"ELWA systems for energy\" \/>\n<meta property=\"article:modified_time\" content=\"2024-10-25T14:08:51+00:00\" \/>\n<meta property=\"og:image\" content=\"https:\/\/www.elwa.com\/wp-content\/uploads\/2014\/01\/lr_logo.svg\" \/>\n<meta name=\"twitter:card\" content=\"summary_large_image\" \/>\n<meta name=\"twitter:label1\" content=\"Gesch\u00e4tzte Lesezeit\" \/>\n\t<meta name=\"twitter:data1\" content=\"6\u00a0Minuten\" \/>\n<script type=\"application\/ld+json\" class=\"yoast-schema-graph\">{\"@context\":\"https:\/\/schema.org\",\"@graph\":[{\"@type\":\"WebPage\",\"@id\":\"https:\/\/www.elwa.com\/de\/durchlauferhitzer-2\/\",\"url\":\"https:\/\/www.elwa.com\/de\/durchlauferhitzer-2\/\",\"name\":\"Elektrische Durchlauferhitzer f\u00fcr \u00d6l- und Wasser\",\"isPartOf\":{\"@id\":\"https:\/\/www.elwa.com\/#website\"},\"primaryImageOfPage\":{\"@id\":\"https:\/\/www.elwa.com\/de\/durchlauferhitzer-2\/#primaryimage\"},\"image\":{\"@id\":\"https:\/\/www.elwa.com\/de\/durchlauferhitzer-2\/#primaryimage\"},\"thumbnailUrl\":\"https:\/\/www.elwa.com\/wp-content\/uploads\/2014\/01\/lr_logo.svg\",\"datePublished\":\"2024-09-18T15:37:48+00:00\",\"dateModified\":\"2024-10-25T14:08:51+00:00\",\"description\":\"ELWA fertigt individuell ausgelegte Elektro-Durchlauferhitzer (\u00d6l \/ Wasser) f\u00fcr Industrie und Schiffbau gem\u00e4\u00df den Anforderungen Ihrer Anwendung.\",\"breadcrumb\":{\"@id\":\"https:\/\/www.elwa.com\/de\/durchlauferhitzer-2\/#breadcrumb\"},\"inLanguage\":\"de\",\"potentialAction\":[{\"@type\":\"ReadAction\",\"target\":[\"https:\/\/www.elwa.com\/de\/durchlauferhitzer-2\/\"]}]},{\"@type\":\"ImageObject\",\"inLanguage\":\"de\",\"@id\":\"https:\/\/www.elwa.com\/de\/durchlauferhitzer-2\/#primaryimage\",\"url\":\"https:\/\/www.elwa.com\/wp-content\/uploads\/2014\/01\/lr_logo.svg\",\"contentUrl\":\"https:\/\/www.elwa.com\/wp-content\/uploads\/2014\/01\/lr_logo.svg\"},{\"@type\":\"BreadcrumbList\",\"@id\":\"https:\/\/www.elwa.com\/de\/durchlauferhitzer-2\/#breadcrumb\",\"itemListElement\":[{\"@type\":\"ListItem\",\"position\":1,\"name\":\"Home\",\"item\":\"https:\/\/www.elwa.com\/de\/elwa-systems-for-energy\/\"},{\"@type\":\"ListItem\",\"position\":2,\"name\":\"Durchlauferhitzer\"}]},{\"@type\":\"WebSite\",\"@id\":\"https:\/\/www.elwa.com\/#website\",\"url\":\"https:\/\/www.elwa.com\/\",\"name\":\"ELWA systems for energy\",\"description\":\"Elektr. Durchlauferhitzer &amp; Systeme\",\"publisher\":{\"@id\":\"https:\/\/www.elwa.com\/#organization\"},\"potentialAction\":[{\"@type\":\"SearchAction\",\"target\":{\"@type\":\"EntryPoint\",\"urlTemplate\":\"https:\/\/www.elwa.com\/?s={search_term_string}\"},\"query-input\":\"required name=search_term_string\"}],\"inLanguage\":\"de\"},{\"@type\":\"Organization\",\"@id\":\"https:\/\/www.elwa.com\/#organization\",\"name\":\"ELWA systems for energy\",\"url\":\"https:\/\/www.elwa.com\/\",\"logo\":{\"@type\":\"ImageObject\",\"inLanguage\":\"de\",\"@id\":\"https:\/\/www.elwa.com\/#\/schema\/logo\/image\/\",\"url\":\"https:\/\/www.elwa.com\/wp-content\/uploads\/2024\/01\/elwa-logo.jpg\",\"contentUrl\":\"https:\/\/www.elwa.com\/wp-content\/uploads\/2024\/01\/elwa-logo.jpg\",\"width\":133,\"height\":41,\"caption\":\"ELWA systems for energy\"},\"image\":{\"@id\":\"https:\/\/www.elwa.com\/#\/schema\/logo\/image\/\"}}]}<\/script>\n<!-- \/ Yoast SEO plugin. -->","yoast_head_json":{"title":"Elektrische Durchlauferhitzer f\u00fcr \u00d6l- und Wasser","description":"ELWA fertigt individuell ausgelegte Elektro-Durchlauferhitzer (\u00d6l \/ Wasser) f\u00fcr Industrie und Schiffbau gem\u00e4\u00df den Anforderungen Ihrer Anwendung.","robots":{"index":"index","follow":"follow","max-snippet":"max-snippet:-1","max-image-preview":"max-image-preview:large","max-video-preview":"max-video-preview:-1"},"canonical":"https:\/\/www.elwa.com\/de\/durchlauferhitzer-2\/","og_locale":"de_DE","og_type":"article","og_title":"Elektrische Durchlauferhitzer f\u00fcr \u00d6l- und Wasser","og_description":"ELWA fertigt individuell ausgelegte Elektro-Durchlauferhitzer (\u00d6l \/ Wasser) f\u00fcr Industrie und Schiffbau gem\u00e4\u00df den Anforderungen Ihrer Anwendung.","og_url":"https:\/\/www.elwa.com\/de\/durchlauferhitzer-2\/","og_site_name":"ELWA systems for energy","article_modified_time":"2024-10-25T14:08:51+00:00","og_image":[{"url":"https:\/\/www.elwa.com\/wp-content\/uploads\/2014\/01\/lr_logo.svg"}],"twitter_card":"summary_large_image","twitter_misc":{"Gesch\u00e4tzte Lesezeit":"6\u00a0Minuten"},"schema":{"@context":"https:\/\/schema.org","@graph":[{"@type":"WebPage","@id":"https:\/\/www.elwa.com\/de\/durchlauferhitzer-2\/","url":"https:\/\/www.elwa.com\/de\/durchlauferhitzer-2\/","name":"Elektrische Durchlauferhitzer f\u00fcr \u00d6l- und Wasser","isPartOf":{"@id":"https:\/\/www.elwa.com\/#website"},"primaryImageOfPage":{"@id":"https:\/\/www.elwa.com\/de\/durchlauferhitzer-2\/#primaryimage"},"image":{"@id":"https:\/\/www.elwa.com\/de\/durchlauferhitzer-2\/#primaryimage"},"thumbnailUrl":"https:\/\/www.elwa.com\/wp-content\/uploads\/2014\/01\/lr_logo.svg","datePublished":"2024-09-18T15:37:48+00:00","dateModified":"2024-10-25T14:08:51+00:00","description":"ELWA fertigt individuell ausgelegte Elektro-Durchlauferhitzer (\u00d6l \/ Wasser) f\u00fcr Industrie und Schiffbau gem\u00e4\u00df den Anforderungen Ihrer Anwendung.","breadcrumb":{"@id":"https:\/\/www.elwa.com\/de\/durchlauferhitzer-2\/#breadcrumb"},"inLanguage":"de","potentialAction":[{"@type":"ReadAction","target":["https:\/\/www.elwa.com\/de\/durchlauferhitzer-2\/"]}]},{"@type":"ImageObject","inLanguage":"de","@id":"https:\/\/www.elwa.com\/de\/durchlauferhitzer-2\/#primaryimage","url":"https:\/\/www.elwa.com\/wp-content\/uploads\/2014\/01\/lr_logo.svg","contentUrl":"https:\/\/www.elwa.com\/wp-content\/uploads\/2014\/01\/lr_logo.svg"},{"@type":"BreadcrumbList","@id":"https:\/\/www.elwa.com\/de\/durchlauferhitzer-2\/#breadcrumb","itemListElement":[{"@type":"ListItem","position":1,"name":"Home","item":"https:\/\/www.elwa.com\/de\/elwa-systems-for-energy\/"},{"@type":"ListItem","position":2,"name":"Durchlauferhitzer"}]},{"@type":"WebSite","@id":"https:\/\/www.elwa.com\/#website","url":"https:\/\/www.elwa.com\/","name":"ELWA systems for energy","description":"Elektr. Durchlauferhitzer &amp; Systeme","publisher":{"@id":"https:\/\/www.elwa.com\/#organization"},"potentialAction":[{"@type":"SearchAction","target":{"@type":"EntryPoint","urlTemplate":"https:\/\/www.elwa.com\/?s={search_term_string}"},"query-input":"required name=search_term_string"}],"inLanguage":"de"},{"@type":"Organization","@id":"https:\/\/www.elwa.com\/#organization","name":"ELWA systems for energy","url":"https:\/\/www.elwa.com\/","logo":{"@type":"ImageObject","inLanguage":"de","@id":"https:\/\/www.elwa.com\/#\/schema\/logo\/image\/","url":"https:\/\/www.elwa.com\/wp-content\/uploads\/2024\/01\/elwa-logo.jpg","contentUrl":"https:\/\/www.elwa.com\/wp-content\/uploads\/2024\/01\/elwa-logo.jpg","width":133,"height":41,"caption":"ELWA systems for energy"},"image":{"@id":"https:\/\/www.elwa.com\/#\/schema\/logo\/image\/"}}]}},"_links":{"self":[{"href":"https:\/\/www.elwa.com\/de\/wp-json\/wp\/v2\/pages\/5387"}],"collection":[{"href":"https:\/\/www.elwa.com\/de\/wp-json\/wp\/v2\/pages"}],"about":[{"href":"https:\/\/www.elwa.com\/de\/wp-json\/wp\/v2\/types\/page"}],"author":[{"embeddable":true,"href":"https:\/\/www.elwa.com\/de\/wp-json\/wp\/v2\/users\/10"}],"replies":[{"embeddable":true,"href":"https:\/\/www.elwa.com\/de\/wp-json\/wp\/v2\/comments?post=5387"}],"version-history":[{"count":3,"href":"https:\/\/www.elwa.com\/de\/wp-json\/wp\/v2\/pages\/5387\/revisions"}],"predecessor-version":[{"id":5450,"href":"https:\/\/www.elwa.com\/de\/wp-json\/wp\/v2\/pages\/5387\/revisions\/5450"}],"wp:attachment":[{"href":"https:\/\/www.elwa.com\/de\/wp-json\/wp\/v2\/media?parent=5387"}],"curies":[{"name":"wp","href":"https:\/\/api.w.org\/{rel}","templated":true}]}}