{"id":50,"date":"2013-03-25T11:31:04","date_gmt":"2013-03-25T11:31:04","guid":{"rendered":"https:\/\/www.elwa.com\/?page_id=50"},"modified":"2023-11-30T10:29:29","modified_gmt":"2023-11-30T10:29:29","slug":"impressum","status":"publish","type":"page","link":"https:\/\/www.elwa.com\/de\/impressum\/","title":{"rendered":"Impressum"},"content":{"rendered":"<div class=\"wpb-content-wrapper\"><p>[vc_row][vc_column][vc_column_text]<\/p>\n<div>\n<h4>Adresse<\/h4>\n<p>ELWA Elektro-W\u00e4rme GmbH &amp; \u00a0Co. KG<\/p>\n<\/div>\n<div>\n<p>Frauenstr. 26<\/p>\n<p>D-82216 Maisach<\/p>\n<\/div>\n<div>\n<p>Kommanditgesellschaft mit Sitz in Maisach, Registergericht M\u00fcnchen HRA 15674<\/p>\n<\/div>\n<div>\n<p>USt.-IdNr.: DE129743345<\/p>\n<p>Gerichtsstand: Amtsgericht M\u00fcnchen<\/p>\n<\/div>\n<div>\n<ul>\n<li>Telefon: + 49 (0) 8141 &#8211; 22866-0<\/li>\n<li>Fax: + 49 (0) 8141 &#8211; 22866-10<\/li>\n<li>email: <a title=\"ELWA Elektro-W\u00e4rme  GmbH &amp;  Co. KG\" href=\"mailto:sales@elwa.com\">sales@elwa.com<\/a><\/li>\n<\/ul>\n<\/div>\n<div>\n<p>Pers\u00f6nlich haftende Gesellschafterin: ELWA Beteiligungsgesellschaft mbH, Maisach Registergericht M\u00fcnchen HRB 45093<\/p>\n<\/div>\n<div>\n<p>Gesch\u00e4ftsf\u00fchrer: Dipl.-Ing. (FH) Markus A. Hilpoltsteiner<\/p>\n<p>Verantwortlich im Sinne des \u00a7 55 Abs. 2 RStV: Herr Markus A. Hilpoltsteiner<\/p>\n<h4>Konzept, Design und Entwicklung<\/h4>\n<p>FP Communications<br \/>\nWatzmannstra\u00dfe 1A<br \/>\n81541 M\u00fcnchen<br \/>\n<a href=\"http:\/\/www.fp-communications.com\/\" target=\"_blank\" rel=\"noopener noreferrer\">www.fp-communications.com<\/a><\/p>\n<h4>Haftungsausschlu\u00df<\/h4>\n<blockquote><p>Der Download von Programmen aus dem Download-Archiv, sowie von anderen Seiten die auf dem Server der ELWA Elektro-W\u00e4rme GmbH &amp; Co. KG liegen, erfolgt auf eigene Gefahr. Eine Haftung f\u00fcr Sch\u00e4den und Beeintr\u00e4chtigungen ist ausgeschlossen. Ein Anspruch auf Schadenersatz, sowie f\u00fcr Folgesch\u00e4den jeglicher Art, ist ausgeschlossen. Eine Haftung f\u00fcr die Richtigkeit der Ver\u00f6ffentlichungen und Links zu externen Seiten kann nicht \u00fcbernommen werden. Die ELWA Elektro-W\u00e4rme GmbH &amp; Co. KG \u00fcbernimmt keine Haftung und ist auch nicht verantwortlich f\u00fcr den Inhalt der verlinkten Seiten. Wenn Sie auf einen externen Link, einen Download-Link, oder sonstige Links klicken, dann geschieht das auf eigene Verantwortung.<\/p><\/blockquote>\n<h4>Linkhinweis<\/h4>\n<blockquote><p>Mit Urteil vom 12. Mai 1998 hat das Landgericht Hamburg entschieden, dass mit Anbringung eines Links die Inhalte der gelinkten Seite ggf. mit zu verantworten sind. Dies kann &#8211; so das LG &#8211; nur dadurch verhindert werden, dass man sich von diesen Inhalten ausdr\u00fccklich distanziert. Wir haben Links zu anderen Seiten im Internet gelegt. F\u00fcr alle diese Links gilt: &#8222;Wir betonen, dass wir keinerlei Einfluss auf die Inhalte oder die Gestaltung der gelinkten Seiten haben. Deshalb distanzieren wir uns hiermit ausdr\u00fccklich von allen Inhalten aller Seiten, die von unseren Seiten verlinkt sind. Die Inhalte dieser Seiten machen wir uns nicht zu Eigen. Diese Erkl\u00e4rung gilt f\u00fcr alle auf unseren Seiten angebrachten Links und f\u00fcr die Inhalte aller Seiten, zu denen die angebrachten Links f\u00fchren.&#8220;<\/p><\/blockquote>\n<\/div>\n<p>[\/vc_column_text][\/vc_column][\/vc_row]<\/p>\n<\/div>","protected":false},"excerpt":{"rendered":"<p>[vc_row][vc_column][vc_column_text] Adresse ELWA Elektro-W\u00e4rme GmbH &amp; \u00a0Co. KG Frauenstr. 26 D-82216 Maisach Kommanditgesellschaft mit Sitz in Maisach, Registergericht M\u00fcnchen HRA 15674 USt.-IdNr.: DE129743345 Gerichtsstand: Amtsgericht M\u00fcnchen Telefon: + 49 (0) 8141 &#8211; 22866-0 Fax: + 49 (0) 8141 &#8211; 22866-10 email: sales@elwa.com Pers\u00f6nlich haftende Gesellschafterin: ELWA Beteiligungsgesellschaft mbH, Maisach Registergericht M\u00fcnchen HRB 45093 Gesch\u00e4ftsf\u00fchrer: Dipl.-Ing. (FH) Markus A. Hilpoltsteiner Verantwortlich im Sinne des \u00a7 55 Abs. 2 RStV: Herr Markus A. Hilpoltsteiner Konzept, Design und Entwicklung FP Communications Watzmannstra\u00dfe 1A 81541 M\u00fcnchen www.fp-communications.com Haftungsausschlu\u00df Der Download von Programmen aus dem Download-Archiv, sowie von anderen Seiten die auf dem Server der&#8230; <a class=\"read-more product-link\" title=\"Impressum\" href=\"https:\/\/www.elwa.com\/de\/impressum\/\">Mehr Informationen<\/a><\/p>\n","protected":false},"author":1,"featured_media":0,"parent":0,"menu_order":0,"comment_status":"closed","ping_status":"closed","template":"","meta":{"_acf_changed":false,"inline_featured_image":false,"footnotes":""},"class_list":["post-50","page","type-page","status-publish","hentry"],"acf":[],"yoast_head":"<!-- This site is optimized with the Yoast SEO plugin v23.1 - https:\/\/yoast.com\/wordpress\/plugins\/seo\/ -->\n<title>ELWA Impressum<\/title>\n<meta name=\"robots\" content=\"index, follow, max-snippet:-1, max-image-preview:large, max-video-preview:-1\" \/>\n<link rel=\"canonical\" href=\"https:\/\/www.elwa.com\/de\/impressum\/\" \/>\n<meta property=\"og:locale\" content=\"de_DE\" \/>\n<meta property=\"og:type\" content=\"article\" \/>\n<meta property=\"og:title\" content=\"ELWA Impressum\" \/>\n<meta property=\"og:description\" content=\"[vc_row][vc_column][vc_column_text] Adresse ELWA Elektro-W\u00e4rme GmbH &amp; \u00a0Co. KG Frauenstr. 26 D-82216 Maisach Kommanditgesellschaft mit Sitz in Maisach, Registergericht M\u00fcnchen HRA 15674 USt.-IdNr.: DE129743345 Gerichtsstand: Amtsgericht M\u00fcnchen Telefon: + 49 (0) 8141 &#8211; 22866-0 Fax: + 49 (0) 8141 &#8211; 22866-10 email: sales@elwa.com Pers\u00f6nlich haftende Gesellschafterin: ELWA Beteiligungsgesellschaft mbH, Maisach Registergericht M\u00fcnchen HRB 45093 Gesch\u00e4ftsf\u00fchrer: Dipl.-Ing. (FH) Markus A. Hilpoltsteiner Verantwortlich im Sinne des \u00a7 55 Abs. 2 RStV: Herr Markus A. Hilpoltsteiner Konzept, Design und Entwicklung FP Communications Watzmannstra\u00dfe 1A 81541 M\u00fcnchen www.fp-communications.com Haftungsausschlu\u00df Der Download von Programmen aus dem Download-Archiv, sowie von anderen Seiten die auf dem Server der... Mehr Informationen\" \/>\n<meta property=\"og:url\" content=\"https:\/\/www.elwa.com\/de\/impressum\/\" \/>\n<meta property=\"og:site_name\" content=\"ELWA systems for energy\" \/>\n<meta property=\"article:modified_time\" content=\"2023-11-30T10:29:29+00:00\" \/>\n<meta name=\"twitter:card\" content=\"summary_large_image\" \/>\n<meta name=\"twitter:label1\" content=\"Gesch\u00e4tzte Lesezeit\" \/>\n\t<meta name=\"twitter:data1\" content=\"2\u00a0Minuten\" \/>\n<script type=\"application\/ld+json\" class=\"yoast-schema-graph\">{\"@context\":\"https:\/\/schema.org\",\"@graph\":[{\"@type\":\"WebPage\",\"@id\":\"https:\/\/www.elwa.com\/de\/impressum\/\",\"url\":\"https:\/\/www.elwa.com\/de\/impressum\/\",\"name\":\"ELWA Impressum\",\"isPartOf\":{\"@id\":\"https:\/\/www.elwa.com\/#website\"},\"datePublished\":\"2013-03-25T11:31:04+00:00\",\"dateModified\":\"2023-11-30T10:29:29+00:00\",\"breadcrumb\":{\"@id\":\"https:\/\/www.elwa.com\/de\/impressum\/#breadcrumb\"},\"inLanguage\":\"de\",\"potentialAction\":[{\"@type\":\"ReadAction\",\"target\":[\"https:\/\/www.elwa.com\/de\/impressum\/\"]}]},{\"@type\":\"BreadcrumbList\",\"@id\":\"https:\/\/www.elwa.com\/de\/impressum\/#breadcrumb\",\"itemListElement\":[{\"@type\":\"ListItem\",\"position\":1,\"name\":\"Home\",\"item\":\"https:\/\/www.elwa.com\/de\/elwa-systems-for-energy\/\"},{\"@type\":\"ListItem\",\"position\":2,\"name\":\"Impressum\"}]},{\"@type\":\"WebSite\",\"@id\":\"https:\/\/www.elwa.com\/#website\",\"url\":\"https:\/\/www.elwa.com\/\",\"name\":\"ELWA systems for energy\",\"description\":\"Elektr. Durchlauferhitzer &amp; Systeme\",\"publisher\":{\"@id\":\"https:\/\/www.elwa.com\/#organization\"},\"potentialAction\":[{\"@type\":\"SearchAction\",\"target\":{\"@type\":\"EntryPoint\",\"urlTemplate\":\"https:\/\/www.elwa.com\/?s={search_term_string}\"},\"query-input\":\"required name=search_term_string\"}],\"inLanguage\":\"de\"},{\"@type\":\"Organization\",\"@id\":\"https:\/\/www.elwa.com\/#organization\",\"name\":\"ELWA systems for energy\",\"url\":\"https:\/\/www.elwa.com\/\",\"logo\":{\"@type\":\"ImageObject\",\"inLanguage\":\"de\",\"@id\":\"https:\/\/www.elwa.com\/#\/schema\/logo\/image\/\",\"url\":\"https:\/\/www.elwa.com\/wp-content\/uploads\/2024\/01\/elwa-logo.jpg\",\"contentUrl\":\"https:\/\/www.elwa.com\/wp-content\/uploads\/2024\/01\/elwa-logo.jpg\",\"width\":133,\"height\":41,\"caption\":\"ELWA systems for energy\"},\"image\":{\"@id\":\"https:\/\/www.elwa.com\/#\/schema\/logo\/image\/\"}}]}<\/script>\n<!-- \/ Yoast SEO plugin. -->","yoast_head_json":{"title":"ELWA Impressum","robots":{"index":"index","follow":"follow","max-snippet":"max-snippet:-1","max-image-preview":"max-image-preview:large","max-video-preview":"max-video-preview:-1"},"canonical":"https:\/\/www.elwa.com\/de\/impressum\/","og_locale":"de_DE","og_type":"article","og_title":"ELWA Impressum","og_description":"[vc_row][vc_column][vc_column_text] Adresse ELWA Elektro-W\u00e4rme GmbH &amp; \u00a0Co. KG Frauenstr. 26 D-82216 Maisach Kommanditgesellschaft mit Sitz in Maisach, Registergericht M\u00fcnchen HRA 15674 USt.-IdNr.: DE129743345 Gerichtsstand: Amtsgericht M\u00fcnchen Telefon: + 49 (0) 8141 &#8211; 22866-0 Fax: + 49 (0) 8141 &#8211; 22866-10 email: sales@elwa.com Pers\u00f6nlich haftende Gesellschafterin: ELWA Beteiligungsgesellschaft mbH, Maisach Registergericht M\u00fcnchen HRB 45093 Gesch\u00e4ftsf\u00fchrer: Dipl.-Ing. (FH) Markus A. Hilpoltsteiner Verantwortlich im Sinne des \u00a7 55 Abs. 2 RStV: Herr Markus A. Hilpoltsteiner Konzept, Design und Entwicklung FP Communications Watzmannstra\u00dfe 1A 81541 M\u00fcnchen www.fp-communications.com Haftungsausschlu\u00df Der Download von Programmen aus dem Download-Archiv, sowie von anderen Seiten die auf dem Server der... Mehr Informationen","og_url":"https:\/\/www.elwa.com\/de\/impressum\/","og_site_name":"ELWA systems for energy","article_modified_time":"2023-11-30T10:29:29+00:00","twitter_card":"summary_large_image","twitter_misc":{"Gesch\u00e4tzte Lesezeit":"2\u00a0Minuten"},"schema":{"@context":"https:\/\/schema.org","@graph":[{"@type":"WebPage","@id":"https:\/\/www.elwa.com\/de\/impressum\/","url":"https:\/\/www.elwa.com\/de\/impressum\/","name":"ELWA Impressum","isPartOf":{"@id":"https:\/\/www.elwa.com\/#website"},"datePublished":"2013-03-25T11:31:04+00:00","dateModified":"2023-11-30T10:29:29+00:00","breadcrumb":{"@id":"https:\/\/www.elwa.com\/de\/impressum\/#breadcrumb"},"inLanguage":"de","potentialAction":[{"@type":"ReadAction","target":["https:\/\/www.elwa.com\/de\/impressum\/"]}]},{"@type":"BreadcrumbList","@id":"https:\/\/www.elwa.com\/de\/impressum\/#breadcrumb","itemListElement":[{"@type":"ListItem","position":1,"name":"Home","item":"https:\/\/www.elwa.com\/de\/elwa-systems-for-energy\/"},{"@type":"ListItem","position":2,"name":"Impressum"}]},{"@type":"WebSite","@id":"https:\/\/www.elwa.com\/#website","url":"https:\/\/www.elwa.com\/","name":"ELWA systems for energy","description":"Elektr. Durchlauferhitzer &amp; Systeme","publisher":{"@id":"https:\/\/www.elwa.com\/#organization"},"potentialAction":[{"@type":"SearchAction","target":{"@type":"EntryPoint","urlTemplate":"https:\/\/www.elwa.com\/?s={search_term_string}"},"query-input":"required name=search_term_string"}],"inLanguage":"de"},{"@type":"Organization","@id":"https:\/\/www.elwa.com\/#organization","name":"ELWA systems for energy","url":"https:\/\/www.elwa.com\/","logo":{"@type":"ImageObject","inLanguage":"de","@id":"https:\/\/www.elwa.com\/#\/schema\/logo\/image\/","url":"https:\/\/www.elwa.com\/wp-content\/uploads\/2024\/01\/elwa-logo.jpg","contentUrl":"https:\/\/www.elwa.com\/wp-content\/uploads\/2024\/01\/elwa-logo.jpg","width":133,"height":41,"caption":"ELWA systems for energy"},"image":{"@id":"https:\/\/www.elwa.com\/#\/schema\/logo\/image\/"}}]}},"_links":{"self":[{"href":"https:\/\/www.elwa.com\/de\/wp-json\/wp\/v2\/pages\/50"}],"collection":[{"href":"https:\/\/www.elwa.com\/de\/wp-json\/wp\/v2\/pages"}],"about":[{"href":"https:\/\/www.elwa.com\/de\/wp-json\/wp\/v2\/types\/page"}],"author":[{"embeddable":true,"href":"https:\/\/www.elwa.com\/de\/wp-json\/wp\/v2\/users\/1"}],"replies":[{"embeddable":true,"href":"https:\/\/www.elwa.com\/de\/wp-json\/wp\/v2\/comments?post=50"}],"version-history":[{"count":11,"href":"https:\/\/www.elwa.com\/de\/wp-json\/wp\/v2\/pages\/50\/revisions"}],"predecessor-version":[{"id":4766,"href":"https:\/\/www.elwa.com\/de\/wp-json\/wp\/v2\/pages\/50\/revisions\/4766"}],"wp:attachment":[{"href":"https:\/\/www.elwa.com\/de\/wp-json\/wp\/v2\/media?parent=50"}],"curies":[{"name":"wp","href":"https:\/\/api.w.org\/{rel}","templated":true}]}}