{"id":325,"date":"2013-04-11T07:26:23","date_gmt":"2013-04-11T07:26:23","guid":{"rendered":"https:\/\/www.elwa.com\/?page_id=325"},"modified":"2017-03-28T08:44:37","modified_gmt":"2017-03-28T08:44:37","slug":"industrie","status":"publish","type":"page","link":"https:\/\/www.elwa.com\/de\/industrie\/","title":{"rendered":"Industrie"},"content":{"rendered":"<p><em>Die Vielfalt unserer Kunden aus Schwerindustrie, Anlagenbau, Medizintechnik und Chemie erfordert maximale Flexibilit\u00e4t im Design und in der Herstellung unserer Produkte.<\/em><\/p>\n<p>Darauf haben wir unsere internen Abl\u00e4ufe, unsere Fertigungsst\u00e4tten und unser Netzwerk an Partnerunternehmen abgestimmt.<\/p>\n<p>Einer der gr\u00f6\u00dften Vorteile, der Ihnen ELWA bietet, ist die individuelle Fertigung. Da wir die Bauteile unserer Produkte weitgehend selbst herstellen, k\u00f6nnen wir auch Kleinserien oder sogar Einzelanlagen kosteng\u00fcnstig realisieren und somit sowohl die technischen als auch die wirtschaftlichen Anforderungen unserer Kunden erf\u00fcllen.<\/p>\n<p>Wir lassen unseren Kunden nicht nur bei der Wahl der Ausf\u00fchrung alle M\u00f6glichkeiten offen, sondern bieten mit perfekt abgestimmten Erweiterungsm\u00f6glichkeiten Komplettl\u00f6sungen, die jegliche Aufgaben im industriellen Bereich \u00fcbernehmen k\u00f6nnen.<\/p>\n<p><a title=\"Lesen Sie mehr \u00fcber ELWA Produkte f\u00fcr die Industrie\" href=\"https:\/\/www.elwa.com\/de\/industrie\/industrie-zusaetzliche-infos\/\" target=\"_blank\">Zus\u00e4tzliche Informationen<\/a><\/p>\n<div class=\"productlist\" id=\"industrie-de\"><div class=\"product\"><div class=\"product-img\"><a href=\"https:\/\/www.elwa.com\/de\/flowheater\/4600-oe-durchlauferhitzer-oel\/\" title=\"ERH 4600 RF (\u00f6l\/emulsion)\" ><img loading=\"lazy\" decoding=\"async\" width=\"200\" height=\"300\" src=\"https:\/\/www.elwa.com\/wp-content\/uploads\/2013\/03\/4600-series-200x300.jpg\" class=\"attachment-medium size-medium wp-post-image\" alt=\"ELWA flow heater 4600 WR series\" srcset=\"https:\/\/www.elwa.com\/wp-content\/uploads\/2013\/03\/4600-series-200x300.jpg 200w, https:\/\/www.elwa.com\/wp-content\/uploads\/2013\/03\/4600-series.jpg 401w\" sizes=\"(max-width: 200px) 100vw, 200px\" \/><\/a><\/div><div class=\"product-content\"><h2 class=\"product-title\"><a class=\"tocat\" href=\"https:\/\/www.elwa.com\/de\/flowheater\/4600-oe-durchlauferhitzer-oel\/\">ERH 4600 RF (\u00f6l\/emulsion)<\/a><\/h2><p>Die Erhitzer vom Typ 4600 sind unsere Standard-Erhitzer f\u00fcr nahezu jede denkbare Anwendung. Die Konstruktion mit den auswechselbaren Heizelementen in Schutzrohren bietet die perfekte Kombination einer gro\u00dfen W\u00e4rme\u00fcbertragungsfl\u00e4che mit kleinem umbauten Raum.\r\nMedien:  \u00d6l, Emulsion \/ \r\nLeistung (max): 300 kW \/ \r\nTemp (max) : 150\u00b0C \/ \r\nDruck (max): 10 bar<\/p><\/div><\/div><span class=\"product-shadow\"><\/span><div class=\"product\"><div class=\"product-img\"><a href=\"https:\/\/www.elwa.com\/de\/flowheater\/roe-erhitzer\/\" title=\"ROE 4600 RF (incl.controls)\" ><img loading=\"lazy\" decoding=\"async\" width=\"151\" height=\"300\" src=\"https:\/\/www.elwa.com\/wp-content\/uploads\/2013\/09\/4636-links-151x300.jpg\" class=\"attachment-medium size-medium wp-post-image\" alt=\"ELWA Serie 4636\" srcset=\"https:\/\/www.elwa.com\/wp-content\/uploads\/2013\/09\/4636-links-151x300.jpg 151w, https:\/\/www.elwa.com\/wp-content\/uploads\/2013\/09\/4636-links.jpg 455w\" sizes=\"(max-width: 151px) 100vw, 151px\" \/><\/a><\/div><div class=\"product-content\"><h2 class=\"product-title\"><a class=\"tocat\" href=\"https:\/\/www.elwa.com\/de\/flowheater\/roe-erhitzer\/\">ROE 4600 RF (incl.controls)<\/a><\/h2><p>ROE Vorw\u00e4rmaggregate sind betriebsfertige Ger\u00e4te inklusive Durchlauferhitzer und Schaltschrank.  Medien: \u00d6l, Emulsion \/ Leistung (max): 300 kW \/ Temperatur (max): 150\u00b0C \/ Druck(max): 10 bar<\/p><\/div><\/div><span class=\"product-shadow\"><\/span><div class=\"product\"><div class=\"product-img\"><a href=\"https:\/\/www.elwa.com\/de\/flowheater\/4600-w-durchlauferhitzer-wasser\/\" title=\"ERH 4600 WR (wasser\/emulsion)\" ><img loading=\"lazy\" decoding=\"async\" width=\"200\" height=\"300\" src=\"https:\/\/www.elwa.com\/wp-content\/uploads\/2013\/03\/4600-series-200x300.jpg\" class=\"attachment-medium size-medium wp-post-image\" alt=\"ELWA flow heater 4600 WR series\" srcset=\"https:\/\/www.elwa.com\/wp-content\/uploads\/2013\/03\/4600-series-200x300.jpg 200w, https:\/\/www.elwa.com\/wp-content\/uploads\/2013\/03\/4600-series.jpg 401w\" sizes=\"(max-width: 200px) 100vw, 200px\" \/><\/a><\/div><div class=\"product-content\"><h2 class=\"product-title\"><a class=\"tocat\" href=\"https:\/\/www.elwa.com\/de\/flowheater\/4600-w-durchlauferhitzer-wasser\/\">ERH 4600 WR (wasser\/emulsion)<\/a><\/h2><p>Die Erhitzer vom Typ 4600 WR sind unsere Standard-Erhitzer f\u00fcr nahezu jede denkbare Anwendung wenn Wasser oder Emulsion erhitzt werden sollen. Medien: Wasser, Emulsion \/ Leistung (max): 1.000 kW \/ Temp (max): 110 \u00b0C \/ Druck (max): 10 bar<\/p><\/div><\/div><span class=\"product-shadow\"><\/span><div class=\"product\"><div class=\"product-img\"><a href=\"https:\/\/www.elwa.com\/de\/flowheater\/4600-h-durchlauferhitzer-hochdruck\/\" title=\"ERH 4600 H (\u00f6l\/emulsion)\" ><img loading=\"lazy\" decoding=\"async\" width=\"200\" height=\"300\" src=\"https:\/\/www.elwa.com\/wp-content\/uploads\/2013\/03\/4600-series-200x300.jpg\" class=\"attachment-medium size-medium wp-post-image\" alt=\"ELWA flow heater 4600 WR series\" srcset=\"https:\/\/www.elwa.com\/wp-content\/uploads\/2013\/03\/4600-series-200x300.jpg 200w, https:\/\/www.elwa.com\/wp-content\/uploads\/2013\/03\/4600-series.jpg 401w\" sizes=\"(max-width: 200px) 100vw, 200px\" \/><\/a><\/div><div class=\"product-content\"><h2 class=\"product-title\"><a class=\"tocat\" href=\"https:\/\/www.elwa.com\/de\/flowheater\/4600-h-durchlauferhitzer-hochdruck\/\">ERH 4600 H (\u00f6l\/emulsion)<\/a><\/h2><p>Die Erhitzer vom Typ 4600 H sind unsere Standard-Erhitzer f\u00fcr nahezu jede denkbare Anwendung in Hochdruck-Systemen.<\/p><\/div><\/div><span class=\"product-shadow\"><\/span><div class=\"product\"><div class=\"product-img\"><a href=\"https:\/\/www.elwa.com\/de\/flowheater\/4700-compact-durchlauferhitzer-oel\/\" title=\"ERH 4700 compact (\u00f6l\/emulsion)\" ><img loading=\"lazy\" decoding=\"async\" width=\"188\" height=\"300\" src=\"https:\/\/www.elwa.com\/wp-content\/uploads\/2013\/03\/4712-EVO-rechts-188x300.jpg\" class=\"attachment-medium size-medium wp-post-image\" alt=\"ELWA Serie 4712-EVO\" srcset=\"https:\/\/www.elwa.com\/wp-content\/uploads\/2013\/03\/4712-EVO-rechts-188x300.jpg 188w, https:\/\/www.elwa.com\/wp-content\/uploads\/2013\/03\/4712-EVO-rechts.jpg 565w\" sizes=\"(max-width: 188px) 100vw, 188px\" \/><\/a><\/div><div class=\"product-content\"><h2 class=\"product-title\"><a class=\"tocat\" href=\"https:\/\/www.elwa.com\/de\/flowheater\/4700-compact-durchlauferhitzer-oel\/\">ERH 4700 compact (\u00f6l\/emulsion)<\/a><\/h2><p>Die Erhitzer der 4700 Compact Serie sind die perfekte Wahl, wenn es um maximale Leistung auf kleinstem Bauraum geht.\r\nMedien: \u00d6l, Wasser, Emulsion \/ \r\nLeistung (max) : 39 kW \/ \r\nTemperatur (max) : 100\u00b0C \/ \r\nDruck (max) : 6 bar<\/p><\/div><\/div><span class=\"product-shadow\"><\/span><div class=\"product\"><div class=\"product-img\"><a href=\"https:\/\/www.elwa.com\/de\/tankheater\/800-tankheizungen\/\" title=\"Heizeinsatz ERH 800 WR \/ 400 WR\" ><img loading=\"lazy\" decoding=\"async\" width=\"300\" height=\"231\" src=\"https:\/\/www.elwa.com\/wp-content\/uploads\/2018\/03\/800-WR-300x231.jpg\" class=\"attachment-medium size-medium wp-post-image\" alt=\"ELWA Heizeinsatz ERH 800 WR\" srcset=\"https:\/\/www.elwa.com\/wp-content\/uploads\/2018\/03\/800-WR-300x231.jpg 300w, https:\/\/www.elwa.com\/wp-content\/uploads\/2018\/03\/800-WR-768x592.jpg 768w, https:\/\/www.elwa.com\/wp-content\/uploads\/2018\/03\/800-WR-624x481.jpg 624w, https:\/\/www.elwa.com\/wp-content\/uploads\/2018\/03\/800-WR.jpg 889w\" sizes=\"(max-width: 300px) 100vw, 300px\" \/><\/a><\/div><div class=\"product-content\"><h2 class=\"product-title\"><a class=\"tocat\" href=\"https:\/\/www.elwa.com\/de\/tankheater\/800-tankheizungen\/\">Heizeinsatz ERH 800 WR \/ 400 WR<\/a><\/h2><p>Die ELWA Tankheizungen der 800 Serie werden eingesetzt um Emulsionen und \u00d6le auf vorgegebene Entnahmetemperaturen zu bringen. Medien: \u00d6l, Emulsion \/ Leistung (max): 300 kW \/ Temp (max): 150\u00b0C \/ Druck (max): 10 bar<\/p><\/div><\/div><span class=\"product-shadow\"><\/span><div class=\"product\"><div class=\"product-img\"><a href=\"https:\/\/www.elwa.com\/de\/rtr-units\/kve-vorwaermer\/\" title=\"Vorw\u00e4rmaggregate KVE\" ><img loading=\"lazy\" decoding=\"async\" width=\"300\" height=\"200\" src=\"https:\/\/www.elwa.com\/wp-content\/uploads\/2013\/09\/KVE-27-links-300x200.jpg\" class=\"attachment-medium size-medium wp-post-image\" alt=\"ELWA KVE 27\" srcset=\"https:\/\/www.elwa.com\/wp-content\/uploads\/2013\/09\/KVE-27-links-300x200.jpg 300w, https:\/\/www.elwa.com\/wp-content\/uploads\/2013\/09\/KVE-27-links-624x416.jpg 624w, https:\/\/www.elwa.com\/wp-content\/uploads\/2013\/09\/KVE-27-links.jpg 900w\" sizes=\"(max-width: 300px) 100vw, 300px\" \/><\/a><\/div><div class=\"product-content\"><h2 class=\"product-title\"><a class=\"tocat\" href=\"https:\/\/www.elwa.com\/de\/rtr-units\/kve-vorwaermer\/\">Vorw\u00e4rmaggregate KVE<\/a><\/h2><p>KVE Vorw\u00e4rmaggregate inklusive Durchlauferhitzer, Pumpe und Schaltschrank. Medien: Wasser, Emulsion \/ Leistung (max): 147 kW \/ Temp (max): 100\u00b0C \/ Druck (max): 10 bar<\/p><\/div><\/div><span class=\"product-shadow\"><\/span><div class=\"product\"><div class=\"product-img\"><a href=\"https:\/\/www.elwa.com\/de\/rtr-units\/kves-vorwarmer\/\" title=\"Vorw\u00e4rmaggregate KVES\" ><img loading=\"lazy\" decoding=\"async\" width=\"200\" height=\"300\" src=\"https:\/\/www.elwa.com\/wp-content\/uploads\/2013\/09\/KVES_TPS-M_169-rechts-200x300.jpg\" class=\"attachment-medium size-medium wp-post-image\" alt=\"ELWA KVES_TPS-M_169\" srcset=\"https:\/\/www.elwa.com\/wp-content\/uploads\/2013\/09\/KVES_TPS-M_169-rechts-200x300.jpg 200w, https:\/\/www.elwa.com\/wp-content\/uploads\/2013\/09\/KVES_TPS-M_169-rechts.jpg 601w\" sizes=\"(max-width: 200px) 100vw, 200px\" \/><\/a><\/div><div class=\"product-content\"><h2 class=\"product-title\"><a class=\"tocat\" href=\"https:\/\/www.elwa.com\/de\/rtr-units\/kves-vorwarmer\/\">Vorw\u00e4rmaggregate KVES<\/a><\/h2><p>KVES Vorw\u00e4rmaggregate sind betriebsfertige Ger\u00e4te inklusive Durchlauferhitzer, Schaltschrank und Umw\u00e4lzpumpe. Diese Einheiten k\u00f6nnen im industriellen Umfeld eingesetzt werden, wenn Wasser als W\u00e4rmetr\u00e4ger projektiert wird. Anwendungbeispiele: K\u00fchlwasservorw\u00e4rmung f\u00fcr Gro\u00dfdiesel oder W\u00e4rmquelle f\u00fcr Subsysteme.  Medium: Wasser, Emulsion  \/ Leistung 36 - 427 kW \/ Temp (max): 100\u00b0C \/ Druck (max): 10 bar<\/p><\/div><\/div><span class=\"product-shadow\"><\/span><div class=\"product\"><div class=\"product-img\"><a href=\"https:\/\/www.elwa.com\/de\/tankheater\/erh-800-rf\/\" title=\"Heizeinsatz ERH 800 RF \/ 400 RF\" ><img loading=\"lazy\" decoding=\"async\" width=\"300\" height=\"218\" src=\"https:\/\/www.elwa.com\/wp-content\/uploads\/2016\/06\/ELWA_Datenblatt_ERH800_RF_dt_05-300x218.jpg\" class=\"attachment-medium size-medium wp-post-image\" alt=\"ELWA Serie ERH800 RF\" srcset=\"https:\/\/www.elwa.com\/wp-content\/uploads\/2016\/06\/ELWA_Datenblatt_ERH800_RF_dt_05-300x218.jpg 300w, https:\/\/www.elwa.com\/wp-content\/uploads\/2016\/06\/ELWA_Datenblatt_ERH800_RF_dt_05.jpg 494w\" sizes=\"(max-width: 300px) 100vw, 300px\" \/><\/a><\/div><div class=\"product-content\"><h2 class=\"product-title\"><a class=\"tocat\" href=\"https:\/\/www.elwa.com\/de\/tankheater\/erh-800-rf\/\">Heizeinsatz ERH 800 RF \/ 400 RF<\/a><\/h2><p>Die Heizeins\u00e4tze der Serie 800 RF verf\u00fcgen \u00fcber Konstruktionsmerkmale, die sie zu den \u00fcberlegenen Ger\u00e4ten auf dem Markt machen. Die hohe Variabilit\u00e4t des Designs erlaubt eine optimale Adaption an die Prozessbedingungen. Besser k\u00f6nnen Tanks nicht elektrisch beheizt werden.<\/p><\/div><\/div><span class=\"product-shadow\"><\/span><\/div>\n","protected":false},"excerpt":{"rendered":"<p>Die Vielfalt unserer Kunden aus Schwerindustrie, Anlagenbau, Medizintechnik und Chemie erfordert maximale Flexibilit\u00e4t im Design und in der Herstellung unserer Produkte. Darauf haben wir unsere internen Abl\u00e4ufe, unsere Fertigungsst\u00e4tten und unser Netzwerk an Partnerunternehmen abgestimmt. Einer der gr\u00f6\u00dften Vorteile, der Ihnen ELWA bietet, ist die individuelle Fertigung. Da wir die Bauteile unserer Produkte weitgehend selbst herstellen, k\u00f6nnen wir auch Kleinserien oder sogar Einzelanlagen kosteng\u00fcnstig realisieren und somit sowohl die technischen als auch die wirtschaftlichen Anforderungen unserer Kunden erf\u00fcllen. Wir lassen unseren Kunden nicht nur bei der Wahl der Ausf\u00fchrung alle M\u00f6glichkeiten offen, sondern bieten mit perfekt abgestimmten Erweiterungsm\u00f6glichkeiten Komplettl\u00f6sungen, die&#8230; <a class=\"read-more product-link\" title=\"Heizeinsatz ERH 800 RF \/ 400 RF\" href=\"https:\/\/www.elwa.com\/de\/tankheater\/erh-800-rf\/\">Mehr Informationen<\/a><\/p>\n","protected":false},"author":1,"featured_media":0,"parent":0,"menu_order":0,"comment_status":"closed","ping_status":"closed","template":"targetgroup.php","meta":{"_acf_changed":false,"inline_featured_image":false,"footnotes":""},"class_list":["post-325","page","type-page","status-publish","hentry"],"acf":[],"yoast_head":"<!-- This site is optimized with the Yoast SEO plugin v23.1 - https:\/\/yoast.com\/wordpress\/plugins\/seo\/ -->\n<title>Industrie - ELWA systems for energy<\/title>\n<meta name=\"robots\" content=\"index, follow, max-snippet:-1, max-image-preview:large, max-video-preview:-1\" \/>\n<link rel=\"canonical\" href=\"https:\/\/www.elwa.com\/de\/industrie\/\" \/>\n<meta property=\"og:locale\" content=\"de_DE\" \/>\n<meta property=\"og:type\" content=\"article\" \/>\n<meta property=\"og:title\" content=\"Industrie - ELWA systems for energy\" \/>\n<meta property=\"og:description\" content=\"Die Vielfalt unserer Kunden aus Schwerindustrie, Anlagenbau, Medizintechnik und Chemie erfordert maximale Flexibilit\u00e4t im Design und in der Herstellung unserer Produkte. Darauf haben wir unsere internen Abl\u00e4ufe, unsere Fertigungsst\u00e4tten und unser Netzwerk an Partnerunternehmen abgestimmt. Einer der gr\u00f6\u00dften Vorteile, der Ihnen ELWA bietet, ist die individuelle Fertigung. Da wir die Bauteile unserer Produkte weitgehend selbst herstellen, k\u00f6nnen wir auch Kleinserien oder sogar Einzelanlagen kosteng\u00fcnstig realisieren und somit sowohl die technischen als auch die wirtschaftlichen Anforderungen unserer Kunden erf\u00fcllen. Wir lassen unseren Kunden nicht nur bei der Wahl der Ausf\u00fchrung alle M\u00f6glichkeiten offen, sondern bieten mit perfekt abgestimmten Erweiterungsm\u00f6glichkeiten Komplettl\u00f6sungen, die... Mehr Informationen\" \/>\n<meta property=\"og:url\" content=\"https:\/\/www.elwa.com\/de\/industrie\/\" \/>\n<meta property=\"og:site_name\" content=\"ELWA systems for energy\" \/>\n<meta property=\"article:modified_time\" content=\"2017-03-28T08:44:37+00:00\" \/>\n<meta name=\"twitter:card\" content=\"summary_large_image\" \/>\n<meta name=\"twitter:label1\" content=\"Gesch\u00e4tzte Lesezeit\" \/>\n\t<meta name=\"twitter:data1\" content=\"1\u00a0Minute\" \/>\n<script type=\"application\/ld+json\" class=\"yoast-schema-graph\">{\"@context\":\"https:\/\/schema.org\",\"@graph\":[{\"@type\":\"WebPage\",\"@id\":\"https:\/\/www.elwa.com\/de\/industrie\/\",\"url\":\"https:\/\/www.elwa.com\/de\/industrie\/\",\"name\":\"Industrie - ELWA systems for energy\",\"isPartOf\":{\"@id\":\"https:\/\/www.elwa.com\/#website\"},\"datePublished\":\"2013-04-11T07:26:23+00:00\",\"dateModified\":\"2017-03-28T08:44:37+00:00\",\"breadcrumb\":{\"@id\":\"https:\/\/www.elwa.com\/de\/industrie\/#breadcrumb\"},\"inLanguage\":\"de\",\"potentialAction\":[{\"@type\":\"ReadAction\",\"target\":[\"https:\/\/www.elwa.com\/de\/industrie\/\"]}]},{\"@type\":\"BreadcrumbList\",\"@id\":\"https:\/\/www.elwa.com\/de\/industrie\/#breadcrumb\",\"itemListElement\":[{\"@type\":\"ListItem\",\"position\":1,\"name\":\"Home\",\"item\":\"https:\/\/www.elwa.com\/de\/elwa-systems-for-energy\/\"},{\"@type\":\"ListItem\",\"position\":2,\"name\":\"Industrie\"}]},{\"@type\":\"WebSite\",\"@id\":\"https:\/\/www.elwa.com\/#website\",\"url\":\"https:\/\/www.elwa.com\/\",\"name\":\"ELWA systems for energy\",\"description\":\"Elektr. Durchlauferhitzer &amp; Systeme\",\"publisher\":{\"@id\":\"https:\/\/www.elwa.com\/#organization\"},\"potentialAction\":[{\"@type\":\"SearchAction\",\"target\":{\"@type\":\"EntryPoint\",\"urlTemplate\":\"https:\/\/www.elwa.com\/?s={search_term_string}\"},\"query-input\":\"required name=search_term_string\"}],\"inLanguage\":\"de\"},{\"@type\":\"Organization\",\"@id\":\"https:\/\/www.elwa.com\/#organization\",\"name\":\"ELWA systems for energy\",\"url\":\"https:\/\/www.elwa.com\/\",\"logo\":{\"@type\":\"ImageObject\",\"inLanguage\":\"de\",\"@id\":\"https:\/\/www.elwa.com\/#\/schema\/logo\/image\/\",\"url\":\"https:\/\/www.elwa.com\/wp-content\/uploads\/2024\/01\/elwa-logo.jpg\",\"contentUrl\":\"https:\/\/www.elwa.com\/wp-content\/uploads\/2024\/01\/elwa-logo.jpg\",\"width\":133,\"height\":41,\"caption\":\"ELWA systems for energy\"},\"image\":{\"@id\":\"https:\/\/www.elwa.com\/#\/schema\/logo\/image\/\"}}]}<\/script>\n<!-- \/ Yoast SEO plugin. -->","yoast_head_json":{"title":"Industrie - ELWA systems for energy","robots":{"index":"index","follow":"follow","max-snippet":"max-snippet:-1","max-image-preview":"max-image-preview:large","max-video-preview":"max-video-preview:-1"},"canonical":"https:\/\/www.elwa.com\/de\/industrie\/","og_locale":"de_DE","og_type":"article","og_title":"Industrie - ELWA systems for energy","og_description":"Die Vielfalt unserer Kunden aus Schwerindustrie, Anlagenbau, Medizintechnik und Chemie erfordert maximale Flexibilit\u00e4t im Design und in der Herstellung unserer Produkte. Darauf haben wir unsere internen Abl\u00e4ufe, unsere Fertigungsst\u00e4tten und unser Netzwerk an Partnerunternehmen abgestimmt. Einer der gr\u00f6\u00dften Vorteile, der Ihnen ELWA bietet, ist die individuelle Fertigung. Da wir die Bauteile unserer Produkte weitgehend selbst herstellen, k\u00f6nnen wir auch Kleinserien oder sogar Einzelanlagen kosteng\u00fcnstig realisieren und somit sowohl die technischen als auch die wirtschaftlichen Anforderungen unserer Kunden erf\u00fcllen. Wir lassen unseren Kunden nicht nur bei der Wahl der Ausf\u00fchrung alle M\u00f6glichkeiten offen, sondern bieten mit perfekt abgestimmten Erweiterungsm\u00f6glichkeiten Komplettl\u00f6sungen, die... Mehr Informationen","og_url":"https:\/\/www.elwa.com\/de\/industrie\/","og_site_name":"ELWA systems for energy","article_modified_time":"2017-03-28T08:44:37+00:00","twitter_card":"summary_large_image","twitter_misc":{"Gesch\u00e4tzte Lesezeit":"1\u00a0Minute"},"schema":{"@context":"https:\/\/schema.org","@graph":[{"@type":"WebPage","@id":"https:\/\/www.elwa.com\/de\/industrie\/","url":"https:\/\/www.elwa.com\/de\/industrie\/","name":"Industrie - ELWA systems for energy","isPartOf":{"@id":"https:\/\/www.elwa.com\/#website"},"datePublished":"2013-04-11T07:26:23+00:00","dateModified":"2017-03-28T08:44:37+00:00","breadcrumb":{"@id":"https:\/\/www.elwa.com\/de\/industrie\/#breadcrumb"},"inLanguage":"de","potentialAction":[{"@type":"ReadAction","target":["https:\/\/www.elwa.com\/de\/industrie\/"]}]},{"@type":"BreadcrumbList","@id":"https:\/\/www.elwa.com\/de\/industrie\/#breadcrumb","itemListElement":[{"@type":"ListItem","position":1,"name":"Home","item":"https:\/\/www.elwa.com\/de\/elwa-systems-for-energy\/"},{"@type":"ListItem","position":2,"name":"Industrie"}]},{"@type":"WebSite","@id":"https:\/\/www.elwa.com\/#website","url":"https:\/\/www.elwa.com\/","name":"ELWA systems for energy","description":"Elektr. Durchlauferhitzer &amp; Systeme","publisher":{"@id":"https:\/\/www.elwa.com\/#organization"},"potentialAction":[{"@type":"SearchAction","target":{"@type":"EntryPoint","urlTemplate":"https:\/\/www.elwa.com\/?s={search_term_string}"},"query-input":"required name=search_term_string"}],"inLanguage":"de"},{"@type":"Organization","@id":"https:\/\/www.elwa.com\/#organization","name":"ELWA systems for energy","url":"https:\/\/www.elwa.com\/","logo":{"@type":"ImageObject","inLanguage":"de","@id":"https:\/\/www.elwa.com\/#\/schema\/logo\/image\/","url":"https:\/\/www.elwa.com\/wp-content\/uploads\/2024\/01\/elwa-logo.jpg","contentUrl":"https:\/\/www.elwa.com\/wp-content\/uploads\/2024\/01\/elwa-logo.jpg","width":133,"height":41,"caption":"ELWA systems for energy"},"image":{"@id":"https:\/\/www.elwa.com\/#\/schema\/logo\/image\/"}}]}},"_links":{"self":[{"href":"https:\/\/www.elwa.com\/de\/wp-json\/wp\/v2\/pages\/325"}],"collection":[{"href":"https:\/\/www.elwa.com\/de\/wp-json\/wp\/v2\/pages"}],"about":[{"href":"https:\/\/www.elwa.com\/de\/wp-json\/wp\/v2\/types\/page"}],"author":[{"embeddable":true,"href":"https:\/\/www.elwa.com\/de\/wp-json\/wp\/v2\/users\/1"}],"replies":[{"embeddable":true,"href":"https:\/\/www.elwa.com\/de\/wp-json\/wp\/v2\/comments?post=325"}],"version-history":[{"count":6,"href":"https:\/\/www.elwa.com\/de\/wp-json\/wp\/v2\/pages\/325\/revisions"}],"predecessor-version":[{"id":1864,"href":"https:\/\/www.elwa.com\/de\/wp-json\/wp\/v2\/pages\/325\/revisions\/1864"}],"wp:attachment":[{"href":"https:\/\/www.elwa.com\/de\/wp-json\/wp\/v2\/media?parent=325"}],"curies":[{"name":"wp","href":"https:\/\/api.w.org\/{rel}","templated":true}]}}