{"id":3127,"date":"2018-02-01T11:36:41","date_gmt":"2018-02-01T11:36:41","guid":{"rendered":"https:\/\/www.elwa.com\/contact-test\/"},"modified":"2018-08-22T08:10:00","modified_gmt":"2018-08-22T08:10:00","slug":"ersatzteilanfrage","status":"publish","type":"page","link":"https:\/\/www.elwa.com\/de\/ersatzteilanfrage\/","title":{"rendered":"Ersatzteilanfrage"},"content":{"rendered":"<h2>Ersatzteilanfrage<\/h2>\n<div class=\"oSioSc\">\n<div id=\"tw-target\">\n<div id=\"tw-target-text-container\" class=\"tw-ta-container tw-nfl\">\n<p id=\"tw-target-text\" class=\"tw-data-text tw-ta tw-text-small\" dir=\"ltr\" data-placeholder=\"\u00dcbersetzung\"><span lang=\"de\">Bitte f\u00fcllen Sie das folgende Formular aus und teilen Sie uns mit, welche Ersatzteile Sie ben\u00f6tigen. Bitte beachten Sie die Bedienungsanleitung, um die Teile zu identifizieren. St\u00fccklisten finden Sie im letzten Abschnitt des Dokuments.<\/span><\/p>\n<\/div>\n<\/div>\n<\/div>\n<p id=\"tw-target-text\" class=\"tw-data-text tw-ta tw-text-small\" dir=\"ltr\" data-placeholder=\"\u00dcbersetzung\"><span lang=\"de\">Es ist zwingend erforderlich, die Seriennummer des Ger\u00e4ts anzugeben, die auf dem Herstellerschild zu finden ist.<\/span><\/p>\n<p id=\"tw-target-text\" class=\"tw-data-text tw-ta tw-text-small\" dir=\"ltr\" data-placeholder=\"\u00dcbersetzung\"><span lang=\"de\">F\u00fcr elektrische Teile in Schaltschr\u00e4nken: Bitte gelben Aufkleber mit Teilekennung pr\u00fcfen (z. B. K1 f\u00fcr Sch\u00fctz Nr. 1)<\/span><\/p>\n","protected":false},"excerpt":{"rendered":"<p>Ersatzteilanfrage Bitte f\u00fcllen Sie das folgende Formular aus und teilen Sie uns mit, welche Ersatzteile Sie ben\u00f6tigen. Bitte beachten Sie die Bedienungsanleitung, um die Teile zu identifizieren. St\u00fccklisten finden Sie im letzten Abschnitt des Dokuments. Es ist zwingend erforderlich, die Seriennummer des Ger\u00e4ts anzugeben, die auf dem Herstellerschild zu finden ist. F\u00fcr elektrische Teile in Schaltschr\u00e4nken: Bitte gelben Aufkleber mit Teilekennung pr\u00fcfen (z. B. K1 f\u00fcr Sch\u00fctz Nr. 1)<\/p>\n","protected":false},"author":1,"featured_media":0,"parent":0,"menu_order":0,"comment_status":"closed","ping_status":"closed","template":"page-templates\/contact-page-device.php","meta":{"_acf_changed":false,"inline_featured_image":false,"footnotes":""},"class_list":["post-3127","page","type-page","status-publish","hentry"],"acf":[],"yoast_head":"<!-- This site is optimized with the Yoast SEO plugin v23.1 - https:\/\/yoast.com\/wordpress\/plugins\/seo\/ -->\n<title>Fragen Sie die Ersatzteile f\u00fcr Ihr ELWA Produkt direkt bei uns an!<\/title>\n<meta name=\"description\" content=\"Wir haben die wichtigsten Ersatzteile immer auf Lager oder k\u00f6nnen sie kurzfristig produzieren oder beschaffen.\" \/>\n<meta name=\"robots\" content=\"index, follow, max-snippet:-1, max-image-preview:large, max-video-preview:-1\" \/>\n<link rel=\"canonical\" href=\"https:\/\/www.elwa.com\/de\/ersatzteilanfrage\/\" \/>\n<meta property=\"og:locale\" content=\"de_DE\" \/>\n<meta property=\"og:type\" content=\"article\" \/>\n<meta property=\"og:title\" content=\"Fragen Sie die Ersatzteile f\u00fcr Ihr ELWA Produkt direkt bei uns an!\" \/>\n<meta property=\"og:description\" content=\"Wir haben die wichtigsten Ersatzteile immer auf Lager oder k\u00f6nnen sie kurzfristig produzieren oder beschaffen.\" \/>\n<meta property=\"og:url\" content=\"https:\/\/www.elwa.com\/de\/ersatzteilanfrage\/\" \/>\n<meta property=\"og:site_name\" content=\"ELWA systems for energy\" \/>\n<meta property=\"article:modified_time\" content=\"2018-08-22T08:10:00+00:00\" \/>\n<meta name=\"twitter:card\" content=\"summary_large_image\" \/>\n<script type=\"application\/ld+json\" class=\"yoast-schema-graph\">{\"@context\":\"https:\/\/schema.org\",\"@graph\":[{\"@type\":\"WebPage\",\"@id\":\"https:\/\/www.elwa.com\/de\/ersatzteilanfrage\/\",\"url\":\"https:\/\/www.elwa.com\/de\/ersatzteilanfrage\/\",\"name\":\"Fragen Sie die Ersatzteile f\u00fcr Ihr ELWA Produkt direkt bei uns an!\",\"isPartOf\":{\"@id\":\"https:\/\/www.elwa.com\/#website\"},\"datePublished\":\"2018-02-01T11:36:41+00:00\",\"dateModified\":\"2018-08-22T08:10:00+00:00\",\"description\":\"Wir haben die wichtigsten Ersatzteile immer auf Lager oder k\u00f6nnen sie kurzfristig produzieren oder beschaffen.\",\"breadcrumb\":{\"@id\":\"https:\/\/www.elwa.com\/de\/ersatzteilanfrage\/#breadcrumb\"},\"inLanguage\":\"de\",\"potentialAction\":[{\"@type\":\"ReadAction\",\"target\":[\"https:\/\/www.elwa.com\/de\/ersatzteilanfrage\/\"]}]},{\"@type\":\"BreadcrumbList\",\"@id\":\"https:\/\/www.elwa.com\/de\/ersatzteilanfrage\/#breadcrumb\",\"itemListElement\":[{\"@type\":\"ListItem\",\"position\":1,\"name\":\"Home\",\"item\":\"https:\/\/www.elwa.com\/de\/elwa-systems-for-energy\/\"},{\"@type\":\"ListItem\",\"position\":2,\"name\":\"Ersatzteilanfrage\"}]},{\"@type\":\"WebSite\",\"@id\":\"https:\/\/www.elwa.com\/#website\",\"url\":\"https:\/\/www.elwa.com\/\",\"name\":\"ELWA systems for energy\",\"description\":\"Elektr. Durchlauferhitzer &amp; Systeme\",\"publisher\":{\"@id\":\"https:\/\/www.elwa.com\/#organization\"},\"potentialAction\":[{\"@type\":\"SearchAction\",\"target\":{\"@type\":\"EntryPoint\",\"urlTemplate\":\"https:\/\/www.elwa.com\/?s={search_term_string}\"},\"query-input\":\"required name=search_term_string\"}],\"inLanguage\":\"de\"},{\"@type\":\"Organization\",\"@id\":\"https:\/\/www.elwa.com\/#organization\",\"name\":\"ELWA systems for energy\",\"url\":\"https:\/\/www.elwa.com\/\",\"logo\":{\"@type\":\"ImageObject\",\"inLanguage\":\"de\",\"@id\":\"https:\/\/www.elwa.com\/#\/schema\/logo\/image\/\",\"url\":\"https:\/\/www.elwa.com\/wp-content\/uploads\/2024\/01\/elwa-logo.jpg\",\"contentUrl\":\"https:\/\/www.elwa.com\/wp-content\/uploads\/2024\/01\/elwa-logo.jpg\",\"width\":133,\"height\":41,\"caption\":\"ELWA systems for energy\"},\"image\":{\"@id\":\"https:\/\/www.elwa.com\/#\/schema\/logo\/image\/\"}}]}<\/script>\n<!-- \/ Yoast SEO plugin. -->","yoast_head_json":{"title":"Fragen Sie die Ersatzteile f\u00fcr Ihr ELWA Produkt direkt bei uns an!","description":"Wir haben die wichtigsten Ersatzteile immer auf Lager oder k\u00f6nnen sie kurzfristig produzieren oder beschaffen.","robots":{"index":"index","follow":"follow","max-snippet":"max-snippet:-1","max-image-preview":"max-image-preview:large","max-video-preview":"max-video-preview:-1"},"canonical":"https:\/\/www.elwa.com\/de\/ersatzteilanfrage\/","og_locale":"de_DE","og_type":"article","og_title":"Fragen Sie die Ersatzteile f\u00fcr Ihr ELWA Produkt direkt bei uns an!","og_description":"Wir haben die wichtigsten Ersatzteile immer auf Lager oder k\u00f6nnen sie kurzfristig produzieren oder beschaffen.","og_url":"https:\/\/www.elwa.com\/de\/ersatzteilanfrage\/","og_site_name":"ELWA systems for energy","article_modified_time":"2018-08-22T08:10:00+00:00","twitter_card":"summary_large_image","schema":{"@context":"https:\/\/schema.org","@graph":[{"@type":"WebPage","@id":"https:\/\/www.elwa.com\/de\/ersatzteilanfrage\/","url":"https:\/\/www.elwa.com\/de\/ersatzteilanfrage\/","name":"Fragen Sie die Ersatzteile f\u00fcr Ihr ELWA Produkt direkt bei uns an!","isPartOf":{"@id":"https:\/\/www.elwa.com\/#website"},"datePublished":"2018-02-01T11:36:41+00:00","dateModified":"2018-08-22T08:10:00+00:00","description":"Wir haben die wichtigsten Ersatzteile immer auf Lager oder k\u00f6nnen sie kurzfristig produzieren oder beschaffen.","breadcrumb":{"@id":"https:\/\/www.elwa.com\/de\/ersatzteilanfrage\/#breadcrumb"},"inLanguage":"de","potentialAction":[{"@type":"ReadAction","target":["https:\/\/www.elwa.com\/de\/ersatzteilanfrage\/"]}]},{"@type":"BreadcrumbList","@id":"https:\/\/www.elwa.com\/de\/ersatzteilanfrage\/#breadcrumb","itemListElement":[{"@type":"ListItem","position":1,"name":"Home","item":"https:\/\/www.elwa.com\/de\/elwa-systems-for-energy\/"},{"@type":"ListItem","position":2,"name":"Ersatzteilanfrage"}]},{"@type":"WebSite","@id":"https:\/\/www.elwa.com\/#website","url":"https:\/\/www.elwa.com\/","name":"ELWA systems for energy","description":"Elektr. Durchlauferhitzer &amp; Systeme","publisher":{"@id":"https:\/\/www.elwa.com\/#organization"},"potentialAction":[{"@type":"SearchAction","target":{"@type":"EntryPoint","urlTemplate":"https:\/\/www.elwa.com\/?s={search_term_string}"},"query-input":"required name=search_term_string"}],"inLanguage":"de"},{"@type":"Organization","@id":"https:\/\/www.elwa.com\/#organization","name":"ELWA systems for energy","url":"https:\/\/www.elwa.com\/","logo":{"@type":"ImageObject","inLanguage":"de","@id":"https:\/\/www.elwa.com\/#\/schema\/logo\/image\/","url":"https:\/\/www.elwa.com\/wp-content\/uploads\/2024\/01\/elwa-logo.jpg","contentUrl":"https:\/\/www.elwa.com\/wp-content\/uploads\/2024\/01\/elwa-logo.jpg","width":133,"height":41,"caption":"ELWA systems for energy"},"image":{"@id":"https:\/\/www.elwa.com\/#\/schema\/logo\/image\/"}}]}},"_links":{"self":[{"href":"https:\/\/www.elwa.com\/de\/wp-json\/wp\/v2\/pages\/3127"}],"collection":[{"href":"https:\/\/www.elwa.com\/de\/wp-json\/wp\/v2\/pages"}],"about":[{"href":"https:\/\/www.elwa.com\/de\/wp-json\/wp\/v2\/types\/page"}],"author":[{"embeddable":true,"href":"https:\/\/www.elwa.com\/de\/wp-json\/wp\/v2\/users\/1"}],"replies":[{"embeddable":true,"href":"https:\/\/www.elwa.com\/de\/wp-json\/wp\/v2\/comments?post=3127"}],"version-history":[{"count":1,"href":"https:\/\/www.elwa.com\/de\/wp-json\/wp\/v2\/pages\/3127\/revisions"}],"predecessor-version":[{"id":3129,"href":"https:\/\/www.elwa.com\/de\/wp-json\/wp\/v2\/pages\/3127\/revisions\/3129"}],"wp:attachment":[{"href":"https:\/\/www.elwa.com\/de\/wp-json\/wp\/v2\/media?parent=3127"}],"curies":[{"name":"wp","href":"https:\/\/api.w.org\/{rel}","templated":true}]}}