{"id":2561,"date":"2017-11-24T12:02:52","date_gmt":"2017-11-24T12:02:52","guid":{"rendered":"https:\/\/www.elwa.com\/news\/"},"modified":"2018-08-22T08:15:12","modified_gmt":"2018-08-22T08:15:12","slug":"news","status":"publish","type":"page","link":"https:\/\/www.elwa.com\/de\/news\/","title":{"rendered":"News"},"content":{"rendered":"","protected":false},"excerpt":{"rendered":"","protected":false},"author":1,"featured_media":0,"parent":0,"menu_order":0,"comment_status":"closed","ping_status":"closed","template":"page-templates\/news-landing-page.php","meta":{"_acf_changed":false,"inline_featured_image":false,"footnotes":""},"class_list":["post-2561","page","type-page","status-publish","hentry"],"acf":[],"yoast_head":"<!-- This site is optimized with the Yoast SEO plugin v23.1 - https:\/\/yoast.com\/wordpress\/plugins\/seo\/ -->\n<title>Informieren Sie sich \u00fcber aktuelle Aktivit\u00e4ten in den ELWA News!<\/title>\n<meta name=\"description\" content=\"Neben aktuellen Messeteilnahmen der ELWA inkl. erh\u00e4ltlicher Freitickets, k\u00f6nnen Sie sich u. a. \u00fcber Referenzprojekte und Produktneuheiten informieren.\" \/>\n<meta name=\"robots\" content=\"index, follow, max-snippet:-1, max-image-preview:large, max-video-preview:-1\" \/>\n<link rel=\"canonical\" href=\"https:\/\/www.elwa.com\/de\/news\/\" \/>\n<meta property=\"og:locale\" content=\"de_DE\" \/>\n<meta property=\"og:type\" content=\"article\" \/>\n<meta property=\"og:title\" content=\"Informieren Sie sich \u00fcber aktuelle Aktivit\u00e4ten in den ELWA News!\" \/>\n<meta property=\"og:description\" content=\"Neben aktuellen Messeteilnahmen der ELWA inkl. erh\u00e4ltlicher Freitickets, k\u00f6nnen Sie sich u. a. \u00fcber Referenzprojekte und Produktneuheiten informieren.\" \/>\n<meta property=\"og:url\" content=\"https:\/\/www.elwa.com\/de\/news\/\" \/>\n<meta property=\"og:site_name\" content=\"ELWA systems for energy\" \/>\n<meta property=\"article:modified_time\" content=\"2018-08-22T08:15:12+00:00\" \/>\n<meta name=\"twitter:card\" content=\"summary_large_image\" \/>\n<script type=\"application\/ld+json\" class=\"yoast-schema-graph\">{\"@context\":\"https:\/\/schema.org\",\"@graph\":[{\"@type\":\"WebPage\",\"@id\":\"https:\/\/www.elwa.com\/de\/news\/\",\"url\":\"https:\/\/www.elwa.com\/de\/news\/\",\"name\":\"Informieren Sie sich \u00fcber aktuelle Aktivit\u00e4ten in den ELWA News!\",\"isPartOf\":{\"@id\":\"https:\/\/www.elwa.com\/#website\"},\"datePublished\":\"2017-11-24T12:02:52+00:00\",\"dateModified\":\"2018-08-22T08:15:12+00:00\",\"description\":\"Neben aktuellen Messeteilnahmen der ELWA inkl. erh\u00e4ltlicher Freitickets, k\u00f6nnen Sie sich u. a. \u00fcber Referenzprojekte und Produktneuheiten informieren.\",\"breadcrumb\":{\"@id\":\"https:\/\/www.elwa.com\/de\/news\/#breadcrumb\"},\"inLanguage\":\"de\",\"potentialAction\":[{\"@type\":\"ReadAction\",\"target\":[\"https:\/\/www.elwa.com\/de\/news\/\"]}]},{\"@type\":\"BreadcrumbList\",\"@id\":\"https:\/\/www.elwa.com\/de\/news\/#breadcrumb\",\"itemListElement\":[{\"@type\":\"ListItem\",\"position\":1,\"name\":\"Home\",\"item\":\"https:\/\/www.elwa.com\/de\/elwa-systems-for-energy\/\"},{\"@type\":\"ListItem\",\"position\":2,\"name\":\"News\"}]},{\"@type\":\"WebSite\",\"@id\":\"https:\/\/www.elwa.com\/#website\",\"url\":\"https:\/\/www.elwa.com\/\",\"name\":\"ELWA systems for energy\",\"description\":\"Elektr. Durchlauferhitzer &amp; Systeme\",\"publisher\":{\"@id\":\"https:\/\/www.elwa.com\/#organization\"},\"potentialAction\":[{\"@type\":\"SearchAction\",\"target\":{\"@type\":\"EntryPoint\",\"urlTemplate\":\"https:\/\/www.elwa.com\/?s={search_term_string}\"},\"query-input\":\"required name=search_term_string\"}],\"inLanguage\":\"de\"},{\"@type\":\"Organization\",\"@id\":\"https:\/\/www.elwa.com\/#organization\",\"name\":\"ELWA systems for energy\",\"url\":\"https:\/\/www.elwa.com\/\",\"logo\":{\"@type\":\"ImageObject\",\"inLanguage\":\"de\",\"@id\":\"https:\/\/www.elwa.com\/#\/schema\/logo\/image\/\",\"url\":\"https:\/\/www.elwa.com\/wp-content\/uploads\/2024\/01\/elwa-logo.jpg\",\"contentUrl\":\"https:\/\/www.elwa.com\/wp-content\/uploads\/2024\/01\/elwa-logo.jpg\",\"width\":133,\"height\":41,\"caption\":\"ELWA systems for energy\"},\"image\":{\"@id\":\"https:\/\/www.elwa.com\/#\/schema\/logo\/image\/\"}}]}<\/script>\n<!-- \/ Yoast SEO plugin. -->","yoast_head_json":{"title":"Informieren Sie sich \u00fcber aktuelle Aktivit\u00e4ten in den ELWA News!","description":"Neben aktuellen Messeteilnahmen der ELWA inkl. erh\u00e4ltlicher Freitickets, k\u00f6nnen Sie sich u. a. \u00fcber Referenzprojekte und Produktneuheiten informieren.","robots":{"index":"index","follow":"follow","max-snippet":"max-snippet:-1","max-image-preview":"max-image-preview:large","max-video-preview":"max-video-preview:-1"},"canonical":"https:\/\/www.elwa.com\/de\/news\/","og_locale":"de_DE","og_type":"article","og_title":"Informieren Sie sich \u00fcber aktuelle Aktivit\u00e4ten in den ELWA News!","og_description":"Neben aktuellen Messeteilnahmen der ELWA inkl. erh\u00e4ltlicher Freitickets, k\u00f6nnen Sie sich u. a. \u00fcber Referenzprojekte und Produktneuheiten informieren.","og_url":"https:\/\/www.elwa.com\/de\/news\/","og_site_name":"ELWA systems for energy","article_modified_time":"2018-08-22T08:15:12+00:00","twitter_card":"summary_large_image","schema":{"@context":"https:\/\/schema.org","@graph":[{"@type":"WebPage","@id":"https:\/\/www.elwa.com\/de\/news\/","url":"https:\/\/www.elwa.com\/de\/news\/","name":"Informieren Sie sich \u00fcber aktuelle Aktivit\u00e4ten in den ELWA News!","isPartOf":{"@id":"https:\/\/www.elwa.com\/#website"},"datePublished":"2017-11-24T12:02:52+00:00","dateModified":"2018-08-22T08:15:12+00:00","description":"Neben aktuellen Messeteilnahmen der ELWA inkl. erh\u00e4ltlicher Freitickets, k\u00f6nnen Sie sich u. a. \u00fcber Referenzprojekte und Produktneuheiten informieren.","breadcrumb":{"@id":"https:\/\/www.elwa.com\/de\/news\/#breadcrumb"},"inLanguage":"de","potentialAction":[{"@type":"ReadAction","target":["https:\/\/www.elwa.com\/de\/news\/"]}]},{"@type":"BreadcrumbList","@id":"https:\/\/www.elwa.com\/de\/news\/#breadcrumb","itemListElement":[{"@type":"ListItem","position":1,"name":"Home","item":"https:\/\/www.elwa.com\/de\/elwa-systems-for-energy\/"},{"@type":"ListItem","position":2,"name":"News"}]},{"@type":"WebSite","@id":"https:\/\/www.elwa.com\/#website","url":"https:\/\/www.elwa.com\/","name":"ELWA systems for energy","description":"Elektr. Durchlauferhitzer &amp; Systeme","publisher":{"@id":"https:\/\/www.elwa.com\/#organization"},"potentialAction":[{"@type":"SearchAction","target":{"@type":"EntryPoint","urlTemplate":"https:\/\/www.elwa.com\/?s={search_term_string}"},"query-input":"required name=search_term_string"}],"inLanguage":"de"},{"@type":"Organization","@id":"https:\/\/www.elwa.com\/#organization","name":"ELWA systems for energy","url":"https:\/\/www.elwa.com\/","logo":{"@type":"ImageObject","inLanguage":"de","@id":"https:\/\/www.elwa.com\/#\/schema\/logo\/image\/","url":"https:\/\/www.elwa.com\/wp-content\/uploads\/2024\/01\/elwa-logo.jpg","contentUrl":"https:\/\/www.elwa.com\/wp-content\/uploads\/2024\/01\/elwa-logo.jpg","width":133,"height":41,"caption":"ELWA systems for energy"},"image":{"@id":"https:\/\/www.elwa.com\/#\/schema\/logo\/image\/"}}]}},"_links":{"self":[{"href":"https:\/\/www.elwa.com\/de\/wp-json\/wp\/v2\/pages\/2561"}],"collection":[{"href":"https:\/\/www.elwa.com\/de\/wp-json\/wp\/v2\/pages"}],"about":[{"href":"https:\/\/www.elwa.com\/de\/wp-json\/wp\/v2\/types\/page"}],"author":[{"embeddable":true,"href":"https:\/\/www.elwa.com\/de\/wp-json\/wp\/v2\/users\/1"}],"replies":[{"embeddable":true,"href":"https:\/\/www.elwa.com\/de\/wp-json\/wp\/v2\/comments?post=2561"}],"version-history":[{"count":3,"href":"https:\/\/www.elwa.com\/de\/wp-json\/wp\/v2\/pages\/2561\/revisions"}],"predecessor-version":[{"id":3348,"href":"https:\/\/www.elwa.com\/de\/wp-json\/wp\/v2\/pages\/2561\/revisions\/3348"}],"wp:attachment":[{"href":"https:\/\/www.elwa.com\/de\/wp-json\/wp\/v2\/media?parent=2561"}],"curies":[{"name":"wp","href":"https:\/\/api.w.org\/{rel}","templated":true}]}}