{"id":1382,"date":"2015-12-21T16:07:06","date_gmt":"2015-12-21T16:07:06","guid":{"rendered":"https:\/\/www.elwa.com\/?page_id=1382"},"modified":"2026-02-20T06:36:11","modified_gmt":"2026-02-20T06:36:11","slug":"haendler","status":"publish","type":"page","link":"https:\/\/www.elwa.com\/de\/haendler\/","title":{"rendered":"H\u00e4ndler"},"content":{"rendered":"<div class=\"wpb-content-wrapper\"><p>[vc_row][vc_column width=&#8220;2\/3&#8243;][vc_column_text]<\/p>\n<h2>Europa<\/h2>\n<p>[\/vc_column_text][vc_separator][vc_row_inner][vc_column_inner width=&#8220;1\/2&#8243;][vc_column_text]<\/p>\n<h3>Norwegen<\/h3>\n<p><strong>Alekto A\/S<\/strong><br \/>\nFekjan 13A<br \/>\nN \u2013 1394 Nesbru<br \/>\nTel.: +47-66 77 73 33<br \/>\n<a href=\"http:\/\/www.alekto.no\">www.alekto.no<\/a><br \/>\n<a title=\"E-Mail Berner Christian A\/S\" href=\"mailto:post@alekto.no\">post@alekto.no<\/a><\/p>\n<p>[\/vc_column_text][vc_column_text]<\/p>\n<h3>Finnland<\/h3>\n<p><strong>Septor Oy<\/strong><br \/>\nP.O. Box 40<br \/>\nFIN \u2013 00431 Helsinki<br \/>\nTel.: +358 20 7209631<br \/>\nFax: +358 20 7209639<br \/>\n<a title=\"Homepage Septor Oy\" href=\"http:\/\/www.septor.fi\" target=\"_blank\" rel=\"noopener noreferrer\">www.septor.fi<\/a><br \/>\n<a title=\"Ihre Ansprechpartner bei Septor Oy\" href=\"http:\/\/www.septor.fi\/contacts.html\" target=\"_blank\" rel=\"noopener noreferrer\">www.septor.fi\/contacts.html<\/a>[\/vc_column_text][\/vc_column_inner][vc_column_inner width=&#8220;1\/2&#8243;][vc_column_text]<\/p>\n<h3>Griechenland<\/h3>\n<p><strong>Filterkon<\/strong><br \/>\n2 Vas. Amalias str.<br \/>\nGR \u2013 145 61<br \/>\nKifissia<br \/>\nTel.: +30 211 7001273 5<br \/>\nFax.: +30-211 8500008<br \/>\n<a title=\"Homepage Filterkon\" href=\"http:\/\/www.filterkon.com\" target=\"_blank\" rel=\"noopener noreferrer\">www.filterkon.com<\/a><br \/>\n<a title=\"E-Mail Filterkon\" href=\"mailto:filterkon@filterkon.com\" target=\"_blank\" rel=\"noopener noreferrer\">filterkon@filterkon.com<\/a>[\/vc_column_text][\/vc_column_inner][\/vc_row_inner][\/vc_column][vc_column width=&#8220;1\/3&#8243;][vc_column_text]<\/p>\n<h2>Asien<\/h2>\n<p>[\/vc_column_text][vc_separator][vc_row_inner][vc_column_inner][vc_column_text]<\/p>\n<h3>China<\/h3>\n<p><strong>Shanghai JF Industrial Technology Ltd.<\/strong><br \/>\nBuilding D8, No. 56<br \/>\nLane 3188, Xiu Pu Rd<br \/>\nKang QiaoTown, Pu Dong New Area, Shanghai.<br \/>\nTel.:\u00a0 +86 (021) 6047 7950<br \/>\nFax.: +86 (021) 6047 7880<br \/>\n<a href=\"http:\/\/www.woerner.com.cn\">http:\/\/www.woerner.com.cn<\/a><br \/>\n<a href=\"mailto:info@woerner-kinsson.com\">info@woerner-kinsson.com<\/a>[\/vc_column_text][vc_column_text]<\/p>\n<h3>Singapur<\/h3>\n<p><strong>Panzer Technology Partners Pte Ltd<\/strong><br \/>\n7 Gambas Crescent #03-05 Ark@Gambas<br \/>\nSingapore 757087<br \/>\nTel.: +65 6265 7343<br \/>\nFax.: +65 6265 7269<br \/>\n<a title=\"Homepage Schmachtl GmbH\" href=\"http:\/\/www.ptp-tech.com\" target=\"_blank\" rel=\"noopener noreferrer\">www.ptp-tech.com<\/a><br \/>\n<a title=\"E-Mail Schmachtl GmbH\" href=\"mailto:sales@ptp-tech.com\" target=\"_blank\" rel=\"noopener noreferrer\">sales@ptp-tech.com<\/a>[\/vc_column_text][vc_column_text]<\/p>\n<h3>Thailand<\/h3>\n<p><strong>Yasith Co. , Ltd<br \/>\n<\/strong>31\/1 Soi Bangna-Trad 30, Bangna Tai,<br \/>\nBangna, Bankok 10260, THAILAND<br \/>\nTel.: +66 (0) 2 399 1311<br \/>\nFax.: +66 (0) 2 399 0311<br \/>\n<a title=\"Homepage Schmachtl GmbH\" href=\"http:\/\/www.yasith.co.th\/EN\/index.html\" target=\"_blank\" rel=\"noopener noreferrer\">www.yasith.co.th<\/a><br \/>\n<a title=\"E-Mail Schmachtl GmbH\" href=\"mailto:kingkaew@yasith.co.th\" target=\"_blank\" rel=\"noopener noreferrer\">kingkaew@yasith.co.th<\/a>[\/vc_column_text][\/vc_column_inner][\/vc_row_inner][\/vc_column][\/vc_row]<\/p>\n<\/div>","protected":false},"excerpt":{"rendered":"<p>[vc_row][vc_column width=&#8220;2\/3&#8243;][vc_column_text] Europa [\/vc_column_text][vc_separator][vc_row_inner][vc_column_inner width=&#8220;1\/2&#8243;][vc_column_text] Norwegen Alekto A\/S Fekjan 13A N \u2013 1394 Nesbru Tel.: +47-66 77 73 33 www.alekto.no post@alekto.no [\/vc_column_text][vc_column_text] Finnland Septor Oy P.O. Box 40 FIN \u2013 00431 Helsinki Tel.: +358 20 7209631 Fax: +358 20 7209639 www.septor.fi www.septor.fi\/contacts.html[\/vc_column_text][\/vc_column_inner][vc_column_inner width=&#8220;1\/2&#8243;][vc_column_text] Griechenland Filterkon 2 Vas. Amalias str. GR \u2013 145 61 Kifissia Tel.: +30 211 7001273 5 Fax.: +30-211 8500008 www.filterkon.com filterkon@filterkon.com[\/vc_column_text][\/vc_column_inner][\/vc_row_inner][\/vc_column][vc_column width=&#8220;1\/3&#8243;][vc_column_text] Asien [\/vc_column_text][vc_separator][vc_row_inner][vc_column_inner][vc_column_text] China Shanghai JF Industrial Technology Ltd. Building D8, No. 56 Lane 3188, Xiu Pu Rd Kang QiaoTown, Pu Dong New Area, Shanghai. Tel.:\u00a0 +86 (021) 6047 7950 Fax.: +86 (021) 6047 7880 http:\/\/www.woerner.com.cn&#8230; <a class=\"read-more product-link\" title=\"H\u00e4ndler\" href=\"https:\/\/www.elwa.com\/de\/haendler\/\">Mehr Informationen<\/a><\/p>\n","protected":false},"author":4,"featured_media":0,"parent":0,"menu_order":0,"comment_status":"closed","ping_status":"closed","template":"","meta":{"_acf_changed":false,"inline_featured_image":false,"footnotes":""},"class_list":["post-1382","page","type-page","status-publish","hentry"],"acf":[],"yoast_head":"<!-- This site is optimized with the Yoast SEO plugin v23.1 - https:\/\/yoast.com\/wordpress\/plugins\/seo\/ -->\n<title>ELWA Produkte weltweit \u2013 Finden Sie Ihren H\u00e4ndler vor Ort!<\/title>\n<meta name=\"description\" content=\"Unser st\u00e4ndig wachsendes H\u00e4ndlernetzwerk erstreckt sich u. a. \u00fcber Norwegen, \u00d6sterreich, Finnland, Griechenland, Niederlande und Singapur.\" \/>\n<meta name=\"robots\" content=\"index, follow, max-snippet:-1, max-image-preview:large, max-video-preview:-1\" \/>\n<link rel=\"canonical\" href=\"https:\/\/www.elwa.com\/de\/haendler\/\" \/>\n<meta property=\"og:locale\" content=\"de_DE\" \/>\n<meta property=\"og:type\" content=\"article\" \/>\n<meta property=\"og:title\" content=\"ELWA Produkte weltweit \u2013 Finden Sie Ihren H\u00e4ndler vor Ort!\" \/>\n<meta property=\"og:description\" content=\"Unser st\u00e4ndig wachsendes H\u00e4ndlernetzwerk erstreckt sich u. a. \u00fcber Norwegen, \u00d6sterreich, Finnland, Griechenland, Niederlande und Singapur.\" \/>\n<meta property=\"og:url\" content=\"https:\/\/www.elwa.com\/de\/haendler\/\" \/>\n<meta property=\"og:site_name\" content=\"ELWA systems for energy\" \/>\n<meta property=\"article:modified_time\" content=\"2026-02-20T06:36:11+00:00\" \/>\n<meta name=\"twitter:card\" content=\"summary_large_image\" \/>\n<meta name=\"twitter:label1\" content=\"Gesch\u00e4tzte Lesezeit\" \/>\n\t<meta name=\"twitter:data1\" content=\"1\u00a0Minute\" \/>\n<script type=\"application\/ld+json\" class=\"yoast-schema-graph\">{\"@context\":\"https:\/\/schema.org\",\"@graph\":[{\"@type\":\"WebPage\",\"@id\":\"https:\/\/www.elwa.com\/de\/haendler\/\",\"url\":\"https:\/\/www.elwa.com\/de\/haendler\/\",\"name\":\"ELWA Produkte weltweit \u2013 Finden Sie Ihren H\u00e4ndler vor Ort!\",\"isPartOf\":{\"@id\":\"https:\/\/www.elwa.com\/#website\"},\"datePublished\":\"2015-12-21T16:07:06+00:00\",\"dateModified\":\"2026-02-20T06:36:11+00:00\",\"description\":\"Unser st\u00e4ndig wachsendes H\u00e4ndlernetzwerk erstreckt sich u. a. \u00fcber Norwegen, \u00d6sterreich, Finnland, Griechenland, Niederlande und Singapur.\",\"breadcrumb\":{\"@id\":\"https:\/\/www.elwa.com\/de\/haendler\/#breadcrumb\"},\"inLanguage\":\"de\",\"potentialAction\":[{\"@type\":\"ReadAction\",\"target\":[\"https:\/\/www.elwa.com\/de\/haendler\/\"]}]},{\"@type\":\"BreadcrumbList\",\"@id\":\"https:\/\/www.elwa.com\/de\/haendler\/#breadcrumb\",\"itemListElement\":[{\"@type\":\"ListItem\",\"position\":1,\"name\":\"Home\",\"item\":\"https:\/\/www.elwa.com\/de\/elwa-systems-for-energy\/\"},{\"@type\":\"ListItem\",\"position\":2,\"name\":\"H\u00e4ndler\"}]},{\"@type\":\"WebSite\",\"@id\":\"https:\/\/www.elwa.com\/#website\",\"url\":\"https:\/\/www.elwa.com\/\",\"name\":\"ELWA systems for energy\",\"description\":\"Elektr. Durchlauferhitzer &amp; Systeme\",\"publisher\":{\"@id\":\"https:\/\/www.elwa.com\/#organization\"},\"potentialAction\":[{\"@type\":\"SearchAction\",\"target\":{\"@type\":\"EntryPoint\",\"urlTemplate\":\"https:\/\/www.elwa.com\/?s={search_term_string}\"},\"query-input\":\"required name=search_term_string\"}],\"inLanguage\":\"de\"},{\"@type\":\"Organization\",\"@id\":\"https:\/\/www.elwa.com\/#organization\",\"name\":\"ELWA systems for energy\",\"url\":\"https:\/\/www.elwa.com\/\",\"logo\":{\"@type\":\"ImageObject\",\"inLanguage\":\"de\",\"@id\":\"https:\/\/www.elwa.com\/#\/schema\/logo\/image\/\",\"url\":\"https:\/\/www.elwa.com\/wp-content\/uploads\/2024\/01\/elwa-logo.jpg\",\"contentUrl\":\"https:\/\/www.elwa.com\/wp-content\/uploads\/2024\/01\/elwa-logo.jpg\",\"width\":133,\"height\":41,\"caption\":\"ELWA systems for energy\"},\"image\":{\"@id\":\"https:\/\/www.elwa.com\/#\/schema\/logo\/image\/\"}}]}<\/script>\n<!-- \/ Yoast SEO plugin. -->","yoast_head_json":{"title":"ELWA Produkte weltweit \u2013 Finden Sie Ihren H\u00e4ndler vor Ort!","description":"Unser st\u00e4ndig wachsendes H\u00e4ndlernetzwerk erstreckt sich u. a. \u00fcber Norwegen, \u00d6sterreich, Finnland, Griechenland, Niederlande und Singapur.","robots":{"index":"index","follow":"follow","max-snippet":"max-snippet:-1","max-image-preview":"max-image-preview:large","max-video-preview":"max-video-preview:-1"},"canonical":"https:\/\/www.elwa.com\/de\/haendler\/","og_locale":"de_DE","og_type":"article","og_title":"ELWA Produkte weltweit \u2013 Finden Sie Ihren H\u00e4ndler vor Ort!","og_description":"Unser st\u00e4ndig wachsendes H\u00e4ndlernetzwerk erstreckt sich u. a. \u00fcber Norwegen, \u00d6sterreich, Finnland, Griechenland, Niederlande und Singapur.","og_url":"https:\/\/www.elwa.com\/de\/haendler\/","og_site_name":"ELWA systems for energy","article_modified_time":"2026-02-20T06:36:11+00:00","twitter_card":"summary_large_image","twitter_misc":{"Gesch\u00e4tzte Lesezeit":"1\u00a0Minute"},"schema":{"@context":"https:\/\/schema.org","@graph":[{"@type":"WebPage","@id":"https:\/\/www.elwa.com\/de\/haendler\/","url":"https:\/\/www.elwa.com\/de\/haendler\/","name":"ELWA Produkte weltweit \u2013 Finden Sie Ihren H\u00e4ndler vor Ort!","isPartOf":{"@id":"https:\/\/www.elwa.com\/#website"},"datePublished":"2015-12-21T16:07:06+00:00","dateModified":"2026-02-20T06:36:11+00:00","description":"Unser st\u00e4ndig wachsendes H\u00e4ndlernetzwerk erstreckt sich u. a. \u00fcber Norwegen, \u00d6sterreich, Finnland, Griechenland, Niederlande und Singapur.","breadcrumb":{"@id":"https:\/\/www.elwa.com\/de\/haendler\/#breadcrumb"},"inLanguage":"de","potentialAction":[{"@type":"ReadAction","target":["https:\/\/www.elwa.com\/de\/haendler\/"]}]},{"@type":"BreadcrumbList","@id":"https:\/\/www.elwa.com\/de\/haendler\/#breadcrumb","itemListElement":[{"@type":"ListItem","position":1,"name":"Home","item":"https:\/\/www.elwa.com\/de\/elwa-systems-for-energy\/"},{"@type":"ListItem","position":2,"name":"H\u00e4ndler"}]},{"@type":"WebSite","@id":"https:\/\/www.elwa.com\/#website","url":"https:\/\/www.elwa.com\/","name":"ELWA systems for energy","description":"Elektr. Durchlauferhitzer &amp; Systeme","publisher":{"@id":"https:\/\/www.elwa.com\/#organization"},"potentialAction":[{"@type":"SearchAction","target":{"@type":"EntryPoint","urlTemplate":"https:\/\/www.elwa.com\/?s={search_term_string}"},"query-input":"required name=search_term_string"}],"inLanguage":"de"},{"@type":"Organization","@id":"https:\/\/www.elwa.com\/#organization","name":"ELWA systems for energy","url":"https:\/\/www.elwa.com\/","logo":{"@type":"ImageObject","inLanguage":"de","@id":"https:\/\/www.elwa.com\/#\/schema\/logo\/image\/","url":"https:\/\/www.elwa.com\/wp-content\/uploads\/2024\/01\/elwa-logo.jpg","contentUrl":"https:\/\/www.elwa.com\/wp-content\/uploads\/2024\/01\/elwa-logo.jpg","width":133,"height":41,"caption":"ELWA systems for energy"},"image":{"@id":"https:\/\/www.elwa.com\/#\/schema\/logo\/image\/"}}]}},"_links":{"self":[{"href":"https:\/\/www.elwa.com\/de\/wp-json\/wp\/v2\/pages\/1382"}],"collection":[{"href":"https:\/\/www.elwa.com\/de\/wp-json\/wp\/v2\/pages"}],"about":[{"href":"https:\/\/www.elwa.com\/de\/wp-json\/wp\/v2\/types\/page"}],"author":[{"embeddable":true,"href":"https:\/\/www.elwa.com\/de\/wp-json\/wp\/v2\/users\/4"}],"replies":[{"embeddable":true,"href":"https:\/\/www.elwa.com\/de\/wp-json\/wp\/v2\/comments?post=1382"}],"version-history":[{"count":11,"href":"https:\/\/www.elwa.com\/de\/wp-json\/wp\/v2\/pages\/1382\/revisions"}],"predecessor-version":[{"id":5559,"href":"https:\/\/www.elwa.com\/de\/wp-json\/wp\/v2\/pages\/1382\/revisions\/5559"}],"wp:attachment":[{"href":"https:\/\/www.elwa.com\/de\/wp-json\/wp\/v2\/media?parent=1382"}],"curies":[{"name":"wp","href":"https:\/\/api.w.org\/{rel}","templated":true}]}}