{"id":1269,"date":"2015-10-23T08:01:53","date_gmt":"2015-10-23T08:01:53","guid":{"rendered":"https:\/\/www.elwa.com\/?page_id=1269"},"modified":"2018-09-11T07:20:02","modified_gmt":"2018-09-11T07:20:02","slug":"kraftwerke-zusaetzliche-infos","status":"publish","type":"page","link":"https:\/\/www.elwa.com\/de\/kraftwerke\/kraftwerke-zusaetzliche-infos\/","title":{"rendered":"Kraftwerke &#8211; Zus\u00e4tzliche Informationen"},"content":{"rendered":"<p>ELWA Produkte finden in vielen energieerzeugenden Anlagen ihren Einsatz, einige nennenswerte w\u00e4ren Windkraftanlagen, konventionelle Gro\u00dfkraftwerke, Atomkraftwerke und dieselmotorische Kraftwerke.<\/p>\n<p>Da Getriebe von Windkraftanlagen durch Umsetzung der niedrigen Rotorendrehzahl auf die Generatorfrequenz extremen Kr\u00e4ften ausgesetzt sind, ist eine optimale Schmierung unerl\u00e4sslich. Sonst besteht die Gefahr kostspieliger Ausf\u00e4lle. ELWA Vorw\u00e4rmer sorgen daf\u00fcr, dass das Schmier\u00f6lsystem auch unter widrigsten Umgebungsbedingungen auf Betriebstemperatur gehalten wird. Zu jedem Zeitpunkt \u2013 an jedem Ort.<\/p>\n<p>Auch in Gro\u00dfkraftwerken dienen ELWA Erhitzer in der Schmier\u00f6laufbereitung f\u00fcr die Turbinen. Die Langzeitqualit\u00e4t und die Standzeit der Schmierstoffe sind entscheidende Faktoren f\u00fcr die laufenden Betriebskosten und die Verf\u00fcgbarkeit. Weiterhin sind ELWA Produkte in Atomkraftwerken, in denen Betriebssicherheit eine h\u00f6here Bedeutung als in klassischen Kraftwerken inne hat, seit Jahrzehnten im st\u00e4ndigen Einsatz.<\/p>\n<p>Der letzte Kraftwerktyp in dem ELWA Produkte eingesetzt werden, ist das dieselmotorische Kraftwerk. Verf\u00fcgbare Angebote sind: K\u00fchlsysteme f\u00fcr Einspritzanlagen, K\u00fchlwasservorw\u00e4rmung, Schmier\u00f6lvorw\u00e4rmung oder die Versorgung mit technischem Wasser. Nahezu die gesamte Peripherie der Betriebsmittelversorgung kann von ELWA mit langj\u00e4hriger Erfahrung im weltweiten Einsatz geliefert werden. Komplette Kraftstoffsysteme fertigen wir mit Partnerunternehmen f\u00fcr nahezu alle Kraftstoffe: ob leichtes Diesel\u00f6l, Schwer\u00f6l oder biogene Kraftstoffe wie Raps\u00f6l und Palm\u00f6l. Wenn der Motor den Kraftstoff verwerten kann, liefern wir ihn mit den ben\u00f6tigten Betriebswerten.<\/p>\n<p>ELWA Produkte f\u00fcr die Umsetzung elektrischer Energie in W\u00e4rme werden unter den Gesichtspunkten Zuverl\u00e4ssigkeit und Effizienz entwickelt. Die Zukunft ist die dezentrale Energieversorgung. Energieautarke Gemeinschaften werden mit einem Energiemix aus unterschiedlichen Quellen versorgt. ELWA Hei\u00dfwasserbooster leisten in Nahw\u00e4rmesystemen oder Geb\u00e4uden eine effektive Unterst\u00fctzung der Heizsysteme.<\/p>\n<p>Der Umwelt zu Liebe, entwickelt ELWA Systeme, die Meerwasser als W\u00e4rme- und K\u00e4ltequelle nutzen, um den Energiebedarf von Geb\u00e4uden oder industriellen Anlagen signifikant zu reduzieren.<\/p>\n<p>Kompetenz in Energieerzeugung und Effizienz:<\/p>\n<ul>\n<li style=\"list-style-type: none;\">\n<ul>\n<li>Schmier\u00f6lvorw\u00e4rmung<\/li>\n<li>K\u00fchlwasservorw\u00e4rmung<\/li>\n<li>zentrale K\u00fchlsysteme<\/li>\n<li>Druckerh\u00f6hungsanlagen<\/li>\n<li>Kraftstoffversorgung<\/li>\n<li>Mess- und Regeltechnik<\/li>\n<\/ul>\n<\/li>\n<\/ul>\n","protected":false},"excerpt":{"rendered":"<p>ELWA Produkte finden in vielen energieerzeugenden Anlagen ihren Einsatz, einige nennenswerte w\u00e4ren Windkraftanlagen, konventionelle Gro\u00dfkraftwerke, Atomkraftwerke und dieselmotorische Kraftwerke. Da Getriebe von Windkraftanlagen durch Umsetzung der niedrigen Rotorendrehzahl auf die Generatorfrequenz extremen Kr\u00e4ften ausgesetzt sind, ist eine optimale Schmierung unerl\u00e4sslich. Sonst besteht die Gefahr kostspieliger Ausf\u00e4lle. ELWA Vorw\u00e4rmer sorgen daf\u00fcr, dass das Schmier\u00f6lsystem auch unter widrigsten Umgebungsbedingungen auf Betriebstemperatur gehalten wird. Zu jedem Zeitpunkt \u2013 an jedem Ort. Auch in Gro\u00dfkraftwerken dienen ELWA Erhitzer in der Schmier\u00f6laufbereitung f\u00fcr die Turbinen. Die Langzeitqualit\u00e4t und die Standzeit der Schmierstoffe sind entscheidende Faktoren f\u00fcr die laufenden Betriebskosten und die Verf\u00fcgbarkeit. Weiterhin sind ELWA&#8230; <a class=\"read-more product-link\" title=\"Kraftwerke &#8211; Zus\u00e4tzliche Informationen\" href=\"https:\/\/www.elwa.com\/de\/kraftwerke\/kraftwerke-zusaetzliche-infos\/\">Mehr Informationen<\/a><\/p>\n","protected":false},"author":1,"featured_media":0,"parent":334,"menu_order":0,"comment_status":"closed","ping_status":"closed","template":"","meta":{"_acf_changed":false,"inline_featured_image":false,"footnotes":""},"class_list":["post-1269","page","type-page","status-publish","hentry"],"acf":[],"yoast_head":"<!-- This site is optimized with the Yoast SEO plugin v23.1 - https:\/\/yoast.com\/wordpress\/plugins\/seo\/ -->\n<title>ELWA Komponenten und Systeme f\u00fcr energieerzeugenden Anlagen<\/title>\n<meta name=\"description\" content=\"ELWA Produkte finden u. a. in Windkraftanlagen, konventionellen Gro\u00dfkraftwerken, Atomkraftwerken und dieselmotorische Kraftwerken ihren Einsatz.\" \/>\n<meta name=\"robots\" content=\"index, follow, max-snippet:-1, max-image-preview:large, max-video-preview:-1\" \/>\n<link rel=\"canonical\" href=\"https:\/\/www.elwa.com\/de\/kraftwerke\/kraftwerke-zusaetzliche-infos\/\" \/>\n<meta property=\"og:locale\" content=\"de_DE\" \/>\n<meta property=\"og:type\" content=\"article\" \/>\n<meta property=\"og:title\" content=\"ELWA Komponenten und Systeme f\u00fcr energieerzeugenden Anlagen\" \/>\n<meta property=\"og:description\" content=\"ELWA Produkte finden u. a. in Windkraftanlagen, konventionellen Gro\u00dfkraftwerken, Atomkraftwerken und dieselmotorische Kraftwerken ihren Einsatz.\" \/>\n<meta property=\"og:url\" content=\"https:\/\/www.elwa.com\/de\/kraftwerke\/kraftwerke-zusaetzliche-infos\/\" \/>\n<meta property=\"og:site_name\" content=\"ELWA systems for energy\" \/>\n<meta property=\"article:modified_time\" content=\"2018-09-11T07:20:02+00:00\" \/>\n<meta name=\"twitter:card\" content=\"summary_large_image\" \/>\n<meta name=\"twitter:label1\" content=\"Gesch\u00e4tzte Lesezeit\" \/>\n\t<meta name=\"twitter:data1\" content=\"2\u00a0Minuten\" \/>\n<script type=\"application\/ld+json\" class=\"yoast-schema-graph\">{\"@context\":\"https:\/\/schema.org\",\"@graph\":[{\"@type\":\"WebPage\",\"@id\":\"https:\/\/www.elwa.com\/de\/kraftwerke\/kraftwerke-zusaetzliche-infos\/\",\"url\":\"https:\/\/www.elwa.com\/de\/kraftwerke\/kraftwerke-zusaetzliche-infos\/\",\"name\":\"ELWA Komponenten und Systeme f\u00fcr energieerzeugenden Anlagen\",\"isPartOf\":{\"@id\":\"https:\/\/www.elwa.com\/#website\"},\"datePublished\":\"2015-10-23T08:01:53+00:00\",\"dateModified\":\"2018-09-11T07:20:02+00:00\",\"description\":\"ELWA Produkte finden u. a. in Windkraftanlagen, konventionellen Gro\u00dfkraftwerken, Atomkraftwerken und dieselmotorische Kraftwerken ihren Einsatz.\",\"breadcrumb\":{\"@id\":\"https:\/\/www.elwa.com\/de\/kraftwerke\/kraftwerke-zusaetzliche-infos\/#breadcrumb\"},\"inLanguage\":\"de\",\"potentialAction\":[{\"@type\":\"ReadAction\",\"target\":[\"https:\/\/www.elwa.com\/de\/kraftwerke\/kraftwerke-zusaetzliche-infos\/\"]}]},{\"@type\":\"BreadcrumbList\",\"@id\":\"https:\/\/www.elwa.com\/de\/kraftwerke\/kraftwerke-zusaetzliche-infos\/#breadcrumb\",\"itemListElement\":[{\"@type\":\"ListItem\",\"position\":1,\"name\":\"Home\",\"item\":\"https:\/\/www.elwa.com\/de\/elwa-systems-for-energy\/\"},{\"@type\":\"ListItem\",\"position\":2,\"name\":\"Kraftwerke\",\"item\":\"https:\/\/www.elwa.com\/de\/kraftwerke\/\"},{\"@type\":\"ListItem\",\"position\":3,\"name\":\"Kraftwerke &#8211; Zus\u00e4tzliche Informationen\"}]},{\"@type\":\"WebSite\",\"@id\":\"https:\/\/www.elwa.com\/#website\",\"url\":\"https:\/\/www.elwa.com\/\",\"name\":\"ELWA systems for energy\",\"description\":\"Elektr. Durchlauferhitzer &amp; Systeme\",\"publisher\":{\"@id\":\"https:\/\/www.elwa.com\/#organization\"},\"potentialAction\":[{\"@type\":\"SearchAction\",\"target\":{\"@type\":\"EntryPoint\",\"urlTemplate\":\"https:\/\/www.elwa.com\/?s={search_term_string}\"},\"query-input\":\"required name=search_term_string\"}],\"inLanguage\":\"de\"},{\"@type\":\"Organization\",\"@id\":\"https:\/\/www.elwa.com\/#organization\",\"name\":\"ELWA systems for energy\",\"url\":\"https:\/\/www.elwa.com\/\",\"logo\":{\"@type\":\"ImageObject\",\"inLanguage\":\"de\",\"@id\":\"https:\/\/www.elwa.com\/#\/schema\/logo\/image\/\",\"url\":\"https:\/\/www.elwa.com\/wp-content\/uploads\/2024\/01\/elwa-logo.jpg\",\"contentUrl\":\"https:\/\/www.elwa.com\/wp-content\/uploads\/2024\/01\/elwa-logo.jpg\",\"width\":133,\"height\":41,\"caption\":\"ELWA systems for energy\"},\"image\":{\"@id\":\"https:\/\/www.elwa.com\/#\/schema\/logo\/image\/\"}}]}<\/script>\n<!-- \/ Yoast SEO plugin. -->","yoast_head_json":{"title":"ELWA Komponenten und Systeme f\u00fcr energieerzeugenden Anlagen","description":"ELWA Produkte finden u. a. in Windkraftanlagen, konventionellen Gro\u00dfkraftwerken, Atomkraftwerken und dieselmotorische Kraftwerken ihren Einsatz.","robots":{"index":"index","follow":"follow","max-snippet":"max-snippet:-1","max-image-preview":"max-image-preview:large","max-video-preview":"max-video-preview:-1"},"canonical":"https:\/\/www.elwa.com\/de\/kraftwerke\/kraftwerke-zusaetzliche-infos\/","og_locale":"de_DE","og_type":"article","og_title":"ELWA Komponenten und Systeme f\u00fcr energieerzeugenden Anlagen","og_description":"ELWA Produkte finden u. a. in Windkraftanlagen, konventionellen Gro\u00dfkraftwerken, Atomkraftwerken und dieselmotorische Kraftwerken ihren Einsatz.","og_url":"https:\/\/www.elwa.com\/de\/kraftwerke\/kraftwerke-zusaetzliche-infos\/","og_site_name":"ELWA systems for energy","article_modified_time":"2018-09-11T07:20:02+00:00","twitter_card":"summary_large_image","twitter_misc":{"Gesch\u00e4tzte Lesezeit":"2\u00a0Minuten"},"schema":{"@context":"https:\/\/schema.org","@graph":[{"@type":"WebPage","@id":"https:\/\/www.elwa.com\/de\/kraftwerke\/kraftwerke-zusaetzliche-infos\/","url":"https:\/\/www.elwa.com\/de\/kraftwerke\/kraftwerke-zusaetzliche-infos\/","name":"ELWA Komponenten und Systeme f\u00fcr energieerzeugenden Anlagen","isPartOf":{"@id":"https:\/\/www.elwa.com\/#website"},"datePublished":"2015-10-23T08:01:53+00:00","dateModified":"2018-09-11T07:20:02+00:00","description":"ELWA Produkte finden u. a. in Windkraftanlagen, konventionellen Gro\u00dfkraftwerken, Atomkraftwerken und dieselmotorische Kraftwerken ihren Einsatz.","breadcrumb":{"@id":"https:\/\/www.elwa.com\/de\/kraftwerke\/kraftwerke-zusaetzliche-infos\/#breadcrumb"},"inLanguage":"de","potentialAction":[{"@type":"ReadAction","target":["https:\/\/www.elwa.com\/de\/kraftwerke\/kraftwerke-zusaetzliche-infos\/"]}]},{"@type":"BreadcrumbList","@id":"https:\/\/www.elwa.com\/de\/kraftwerke\/kraftwerke-zusaetzliche-infos\/#breadcrumb","itemListElement":[{"@type":"ListItem","position":1,"name":"Home","item":"https:\/\/www.elwa.com\/de\/elwa-systems-for-energy\/"},{"@type":"ListItem","position":2,"name":"Kraftwerke","item":"https:\/\/www.elwa.com\/de\/kraftwerke\/"},{"@type":"ListItem","position":3,"name":"Kraftwerke &#8211; Zus\u00e4tzliche Informationen"}]},{"@type":"WebSite","@id":"https:\/\/www.elwa.com\/#website","url":"https:\/\/www.elwa.com\/","name":"ELWA systems for energy","description":"Elektr. Durchlauferhitzer &amp; Systeme","publisher":{"@id":"https:\/\/www.elwa.com\/#organization"},"potentialAction":[{"@type":"SearchAction","target":{"@type":"EntryPoint","urlTemplate":"https:\/\/www.elwa.com\/?s={search_term_string}"},"query-input":"required name=search_term_string"}],"inLanguage":"de"},{"@type":"Organization","@id":"https:\/\/www.elwa.com\/#organization","name":"ELWA systems for energy","url":"https:\/\/www.elwa.com\/","logo":{"@type":"ImageObject","inLanguage":"de","@id":"https:\/\/www.elwa.com\/#\/schema\/logo\/image\/","url":"https:\/\/www.elwa.com\/wp-content\/uploads\/2024\/01\/elwa-logo.jpg","contentUrl":"https:\/\/www.elwa.com\/wp-content\/uploads\/2024\/01\/elwa-logo.jpg","width":133,"height":41,"caption":"ELWA systems for energy"},"image":{"@id":"https:\/\/www.elwa.com\/#\/schema\/logo\/image\/"}}]}},"_links":{"self":[{"href":"https:\/\/www.elwa.com\/de\/wp-json\/wp\/v2\/pages\/1269"}],"collection":[{"href":"https:\/\/www.elwa.com\/de\/wp-json\/wp\/v2\/pages"}],"about":[{"href":"https:\/\/www.elwa.com\/de\/wp-json\/wp\/v2\/types\/page"}],"author":[{"embeddable":true,"href":"https:\/\/www.elwa.com\/de\/wp-json\/wp\/v2\/users\/1"}],"replies":[{"embeddable":true,"href":"https:\/\/www.elwa.com\/de\/wp-json\/wp\/v2\/comments?post=1269"}],"version-history":[{"count":5,"href":"https:\/\/www.elwa.com\/de\/wp-json\/wp\/v2\/pages\/1269\/revisions"}],"predecessor-version":[{"id":3464,"href":"https:\/\/www.elwa.com\/de\/wp-json\/wp\/v2\/pages\/1269\/revisions\/3464"}],"up":[{"embeddable":true,"href":"https:\/\/www.elwa.com\/de\/wp-json\/wp\/v2\/pages\/334"}],"wp:attachment":[{"href":"https:\/\/www.elwa.com\/de\/wp-json\/wp\/v2\/media?parent=1269"}],"curies":[{"name":"wp","href":"https:\/\/api.w.org\/{rel}","templated":true}]}}